{"id":6480,"date":"2025-10-24T15:42:27","date_gmt":"2025-10-24T13:42:27","guid":{"rendered":"https:\/\/demo.deifiori.it\/buchen\/serviceleistungen\/"},"modified":"2026-02-18T13:50:32","modified_gmt":"2026-02-18T12:50:32","slug":"serviceleistungen","status":"publish","type":"page","link":"https:\/\/www.deifiori.it\/de\/buchen\/serviceleistungen\/","title":{"rendered":"Serviceleistungen"},"content":{"rendered":"\t\t<div data-elementor-type=\"wp-post\" data-elementor-id=\"6480\" class=\"elementor elementor-6480 elementor-179\" data-elementor-post-type=\"page\">\n\t\t\t\t<div class=\"elementor-element elementor-element-4945daf e-flex e-con-boxed e-con e-parent\" data-id=\"4945daf\" data-element_type=\"container\" data-e-type=\"container\" data-settings=\"{&quot;background_background&quot;:&quot;classic&quot;}\">\n\t\t\t\t\t<div class=\"e-con-inner\">\n\t\t<div class=\"elementor-element elementor-element-b2307b8 e-con-full e-flex e-con e-child\" data-id=\"b2307b8\" data-element_type=\"container\" data-e-type=\"container\">\n\t\t\t\t<div class=\"elementor-element elementor-element-f45a891 elementor-widget elementor-widget-heading\" data-id=\"f45a891\" data-element_type=\"widget\" data-e-type=\"widget\" data-widget_type=\"heading.default\">\n\t\t\t\t\t<p class=\"elementor-heading-title elementor-size-default\">Informationen und Reservierungen<\/p>\t\t\t\t<\/div>\n\t\t\t\t<div class=\"elementor-element elementor-element-072edb2 elementor-widget elementor-widget-heading\" data-id=\"072edb2\" data-element_type=\"widget\" data-e-type=\"widget\" data-widget_type=\"heading.default\">\n\t\t\t\t\t<h1 class=\"elementor-heading-title elementor-size-default\">Serviceleistungen<\/h1>\t\t\t\t<\/div>\n\t\t\t\t<\/div>\n\t\t\t\t<div class=\"elementor-element elementor-element-ff86ad2 elementor-hidden-mobile elementor-invisible elementor-widget elementor-widget-template\" data-id=\"ff86ad2\" data-element_type=\"widget\" data-e-type=\"widget\" data-settings=\"{&quot;_animation&quot;:&quot;fadeInUp&quot;}\" data-widget_type=\"template.default\">\n\t\t\t\t<div class=\"elementor-widget-container\">\n\t\t\t\t\t\t\t<div class=\"elementor-template\">\n\t\t\t\t\t<div data-elementor-type=\"container\" data-elementor-id=\"6503\" class=\"elementor elementor-6503 elementor-601 elementor-601\" data-elementor-post-type=\"elementor_library\">\n\t\t\t\t<a class=\"elementor-element elementor-element-5c26cc01 e-con-full e-flex e-con e-child\" data-id=\"5c26cc01\" data-element_type=\"container\" data-e-type=\"container\" href=\"#esplora\" aria-label=\"Bring to content\">\n\t\t\t\t<div class=\"elementor-element elementor-element-4af3aab0 elementor-widget elementor-widget-heading\" data-id=\"4af3aab0\" data-element_type=\"widget\" data-e-type=\"widget\" data-widget_type=\"heading.default\">\n\t\t\t\t\t<div class=\"elementor-heading-title elementor-size-default\"><a href=\"#esplora\" aria-label=\"Bring to content\">ERKUNDEN<\/a><\/div>\t\t\t\t<\/div>\n\t\t\t\t<div class=\"elementor-element elementor-element-2cfb51f7 elementor-view-default elementor-widget elementor-widget-icon\" data-id=\"2cfb51f7\" data-element_type=\"widget\" data-e-type=\"widget\" data-widget_type=\"icon.default\">\n\t\t\t\t\t\t\t<div class=\"elementor-icon-wrapper\">\n\t\t\t<a class=\"elementor-icon\" href=\"#esplora\" aria-label=\"Bring to content\">\n\t\t\t<svg xmlns=\"http:\/\/www.w3.org\/2000\/svg\" id=\"Livello_1\" viewBox=\"0 0 30 30\"><defs><style>      .st0 {        fill-rule: evenodd;      }    <\/style><\/defs><path class=\"st0\" d=\"M15.4,25.8l11.1-9.8.5.5-11.7,10.4-.3.2-.3-.2L3,16.4l.5-.5,11.1,9.8V3h.7v22.8Z\"><\/path><\/svg>\t\t\t<\/a>\n\t\t<\/div>\n\t\t\t\t\t\t<\/div>\n\t\t\t\t<\/a>\n\t\t\t\t<\/div>\n\t\t\t\t<\/div>\n\t\t\t\t\t\t<\/div>\n\t\t\t\t<\/div>\n\t\t\t\t\t<\/div>\n\t\t\t\t<\/div>\n\t\t<div class=\"elementor-element elementor-element-45e0d40 e-flex e-con-boxed e-con e-parent\" data-id=\"45e0d40\" data-element_type=\"container\" data-e-type=\"container\" id=\"esplora\">\n\t\t\t\t\t<div class=\"e-con-inner\">\n\t\t\t\t<div class=\"elementor-element elementor-element-6f67414 elementor-widget elementor-widget-spacer\" data-id=\"6f67414\" data-element_type=\"widget\" data-e-type=\"widget\" data-widget_type=\"spacer.default\">\n\t\t\t\t\t\t\t<div class=\"elementor-spacer\">\n\t\t\t<div class=\"elementor-spacer-inner\"><\/div>\n\t\t<\/div>\n\t\t\t\t\t\t<\/div>\n\t\t\t\t\t<\/div>\n\t\t\t\t<\/div>\n\t\t<div class=\"elementor-element elementor-element-e87f1fb e-flex e-con-boxed e-con e-parent\" data-id=\"e87f1fb\" data-element_type=\"container\" data-e-type=\"container\">\n\t\t\t\t\t<div class=\"e-con-inner\">\n\t\t\t\t<div class=\"elementor-element elementor-element-783aa01 elementor-widget elementor-widget-heading\" data-id=\"783aa01\" data-element_type=\"widget\" data-e-type=\"widget\" data-widget_type=\"heading.default\">\n\t\t\t\t\t<h2 class=\"elementor-heading-title elementor-size-default\">Allgemeine Informationen<\/h2>\t\t\t\t<\/div>\n\t\t\t\t<div class=\"elementor-element elementor-element-87d8537 elementor-widget elementor-widget-spacer\" data-id=\"87d8537\" data-element_type=\"widget\" data-e-type=\"widget\" data-widget_type=\"spacer.default\">\n\t\t\t\t\t\t\t<div class=\"elementor-spacer\">\n\t\t\t<div class=\"elementor-spacer-inner\"><\/div>\n\t\t<\/div>\n\t\t\t\t\t\t<\/div>\n\t\t\t\t<div class=\"elementor-element elementor-element-f758a5b elementor-widget elementor-widget-text-editor\" data-id=\"f758a5b\" data-element_type=\"widget\" data-e-type=\"widget\" data-widget_type=\"text-editor.default\">\n\t\t\t\t\t\t\t\t\t<table>\n<tbody>\n<tr>\n<td>Fl\u00e4che:<\/td>\n<td>11ha<\/td>\n<\/tr>\n<tr>\n<td>Klassifizierung:<\/td>\n<td>4*<\/td>\n<\/tr>\n<tr>\n<td>Entfernung zum Meer:<\/td>\n<td>0<\/td>\n<\/tr>\n<tr>\n<td>\u00d6ffnungszeiten:<\/td>\n<td>23\/04\/2026 \u2013 05\/10\/2026<\/td>\n<\/tr>\n<tr>\n<td>Wohneinheiten:<\/td>\n<td>178<\/td>\n<\/tr>\n<tr>\n<td>Stellpl\u00e4tze:<\/td>\n<td>ca. 300<\/td>\n<\/tr>\n<tr>\n<td>Sprachen im Feriendorf:<\/td>\n<td>I-D-GB-F-E<\/td>\n<\/tr>\n<tr>\n<td>Check-in:<\/td>\n<td>07.30am \u2013 11.00pm<\/td>\n<\/tr>\n<tr>\n<td>Rezeption:<\/td>\n<td>24h<\/td>\n<\/tr>\n<tr>\n<td>Entfernung zum Flughafen Venedig:<\/td>\n<td>50 km<\/td>\n<\/tr>\n<tr>\n<td>Bushaltestelle:<\/td>\n<td>in der N\u00e4he des Feriendorfes<\/td>\n<\/tr>\n<tr>\n<td>Entfernung Anlegestelle Venedig:<\/td>\n<td>4 km<\/td>\n<\/tr>\n<tr>\n<td>Fahrzeit Motorboot zum Markusplatz in Venedig:<\/td>\n<td>30 Minuten<\/td>\n<\/tr>\n<tr>\n<td>Entfernung zum n\u00e4chstgelegenen Stadtzentrum:<\/td>\n<td>1 km<\/td>\n<\/tr>\n<tr>\n<td>Entfernung nach Jesolo:<\/td>\n<td>10 km<\/td>\n<\/tr>\n<tr>\n<td>\u00c4rztlicher Bereitschaftsdienst:<\/td>\n<td>2 km<\/td>\n<\/tr>\n<tr>\n<td>N\u00e4chstgelegenes Krankenhaus:<\/td>\n<td>20 km<\/td>\n<\/tr>\n<tr>\n<td>Tiere:<\/td>\n<td>Tiere nicht erlaubt<\/td>\n<\/tr>\n<tr>\n<td>Elektrofortbewegungsmittel (E-Roller, Hoverboards und \u00e4hnliche Ger\u00e4te):<\/td>\n<td>nicht erlaubt. Ausnahmen gelten f\u00fcr E- Bikes, Elektromobile und elektrische Rollst\u00fchle f\u00fcr Menschen mit Behinderungen.<\/td>\n<\/tr>\n<\/tbody>\n<\/table>\n\t\t\t\t\t\t\t\t<\/div>\n\t\t\t\t<div class=\"elementor-element elementor-element-0fd6662 elementor-widget elementor-widget-spacer\" data-id=\"0fd6662\" data-element_type=\"widget\" data-e-type=\"widget\" data-widget_type=\"spacer.default\">\n\t\t\t\t\t\t\t<div class=\"elementor-spacer\">\n\t\t\t<div class=\"elementor-spacer-inner\"><\/div>\n\t\t<\/div>\n\t\t\t\t\t\t<\/div>\n\t\t\t\t<div class=\"elementor-element elementor-element-9be18a4 elementor-widget elementor-widget-heading\" data-id=\"9be18a4\" data-element_type=\"widget\" data-e-type=\"widget\" data-widget_type=\"heading.default\">\n\t\t\t\t\t<h2 class=\"elementor-heading-title elementor-size-default\">Serviceleistungen<\/h2>\t\t\t\t<\/div>\n\t\t\t\t<div class=\"elementor-element elementor-element-574294d elementor-widget elementor-widget-text-editor\" data-id=\"574294d\" data-element_type=\"widget\" data-e-type=\"widget\" data-widget_type=\"text-editor.default\">\n\t\t\t\t\t\t\t\t\t<p>W\u00e4hrend der Nebensaison k\u00f6nnten einige der \u00fcblicherweise angebotenen Dienstleistungen reduziert oder nicht verf\u00fcgbar sein.<\/p>\n\t\t\t\t\t\t\t\t<\/div>\n\t\t\t\t<div class=\"elementor-element elementor-element-1a2b4f7 elementor-widget elementor-widget-spacer\" data-id=\"1a2b4f7\" data-element_type=\"widget\" data-e-type=\"widget\" data-widget_type=\"spacer.default\">\n\t\t\t\t\t\t\t<div class=\"elementor-spacer\">\n\t\t\t<div class=\"elementor-spacer-inner\"><\/div>\n\t\t<\/div>\n\t\t\t\t\t\t<\/div>\n\t\t<div class=\"elementor-element elementor-element-3e742c6 e-con-full e-flex e-con e-child\" data-id=\"3e742c6\" data-element_type=\"container\" data-e-type=\"container\">\n\t\t\t\t<div class=\"elementor-element elementor-element-b47b338 elementor-widget__width-inherit elementor-widget elementor-widget-text-editor\" data-id=\"b47b338\" data-element_type=\"widget\" data-e-type=\"widget\" data-widget_type=\"text-editor.default\">\n\t\t\t\t\t\t\t\t\t<ul>\n<li>Ver- und Entsorgungsanlage f\u00fcr Wohnmobile<\/li>\n<li>Elektroauto Ladestation<\/li>\n<li>Bootabstellplatz<\/li>\n<li>K\u00fchlbox<\/li>\n<li>Kostenlose Autow\u00e4sche<\/li>\n<li>Touristeninformation<\/li>\n<li>Waschmaschinen mit M\u00fcnzeinwurf<\/li>\n<li>W\u00e4schetrockner mit M\u00fcnzeinwurf<\/li>\n<li>Wickelraum<\/li>\n<li>Wi-Fi<\/li>\n<li>Geldautomat<\/li>\n<li>Verkauf von Fahrkarten im Feriendorf<\/li>\n<li>Kreditkarte Visa und Master Card<\/li>\n<li>Sicherheitsdienst Tag und Nacht<\/li>\n<li>Arzt t\u00e4glich zu festgelegten Zeiten im Feriendorf anwesend<\/li>\n<li>Regelm\u00e4\u00dfige Behandlung gegen M\u00fccken<\/li>\n<li>Recyclingzone<\/li>\n<\/ul>\n\t\t\t\t\t\t\t\t<\/div>\n\t\t\t\t<\/div>\n\t\t\t\t<div class=\"elementor-element elementor-element-b6174b3 elementor-widget elementor-widget-spacer\" data-id=\"b6174b3\" data-element_type=\"widget\" data-e-type=\"widget\" data-widget_type=\"spacer.default\">\n\t\t\t\t\t\t\t<div class=\"elementor-spacer\">\n\t\t\t<div class=\"elementor-spacer-inner\"><\/div>\n\t\t<\/div>\n\t\t\t\t\t\t<\/div>\n\t\t\t\t<div class=\"elementor-element elementor-element-0dce49c elementor-widget elementor-widget-heading\" data-id=\"0dce49c\" data-element_type=\"widget\" data-e-type=\"widget\" data-widget_type=\"heading.default\">\n\t\t\t\t\t<h2 class=\"elementor-heading-title elementor-size-default\">Shopping , Gastronomie und Wellness<\/h2>\t\t\t\t<\/div>\n\t\t\t\t<div class=\"elementor-element elementor-element-e2b9f1a elementor-widget elementor-widget-spacer\" data-id=\"e2b9f1a\" data-element_type=\"widget\" data-e-type=\"widget\" data-widget_type=\"spacer.default\">\n\t\t\t\t\t\t\t<div class=\"elementor-spacer\">\n\t\t\t<div class=\"elementor-spacer-inner\"><\/div>\n\t\t<\/div>\n\t\t\t\t\t\t<\/div>\n\t\t<div class=\"elementor-element elementor-element-37ac4bf e-con-full e-flex e-con e-child\" data-id=\"37ac4bf\" data-element_type=\"container\" data-e-type=\"container\">\n\t\t\t\t<div class=\"elementor-element elementor-element-285a4f5 elementor-widget__width-inherit elementor-widget elementor-widget-text-editor\" data-id=\"285a4f5\" data-element_type=\"widget\" data-e-type=\"widget\" data-widget_type=\"text-editor.default\">\n\t\t\t\t\t\t\t\t\t<ul>\r\n \t<li>Restaurant-Pizzeria<\/li>\r\n \t<li>Bar-Snackbar<\/li>\r\n \t<li>Eisdiele<\/li>\r\n \t<li>Take-away<\/li>\r\n \t<li>Supermarkt mit Gem\u00fcsetheke<\/li>\r\n \t<li>Bazar mit Zeitschriften, Zigaretten und Fahrradverleih<\/li>\r\n \t<li>Friseur<\/li>\r\n \t<li>Masseur (ab dem 15. Mai)<\/li>\r\n<\/ul>\t\t\t\t\t\t\t\t<\/div>\n\t\t\t\t<\/div>\n\t\t\t\t<div class=\"elementor-element elementor-element-c77a7f6 elementor-widget elementor-widget-spacer\" data-id=\"c77a7f6\" data-element_type=\"widget\" data-e-type=\"widget\" data-widget_type=\"spacer.default\">\n\t\t\t\t\t\t\t<div class=\"elementor-spacer\">\n\t\t\t<div class=\"elementor-spacer-inner\"><\/div>\n\t\t<\/div>\n\t\t\t\t\t\t<\/div>\n\t\t\t\t<div class=\"elementor-element elementor-element-b574576 elementor-widget elementor-widget-heading\" data-id=\"b574576\" data-element_type=\"widget\" data-e-type=\"widget\" data-widget_type=\"heading.default\">\n\t\t\t\t\t<h2 class=\"elementor-heading-title elementor-size-default\">Freizeit<\/h2>\t\t\t\t<\/div>\n\t\t\t\t<div class=\"elementor-element elementor-element-e29199f elementor-widget elementor-widget-spacer\" data-id=\"e29199f\" data-element_type=\"widget\" data-e-type=\"widget\" data-widget_type=\"spacer.default\">\n\t\t\t\t\t\t\t<div class=\"elementor-spacer\">\n\t\t\t<div class=\"elementor-spacer-inner\"><\/div>\n\t\t<\/div>\n\t\t\t\t\t\t<\/div>\n\t\t<div class=\"elementor-element elementor-element-c187a9f e-con-full e-flex e-con e-child\" data-id=\"c187a9f\" data-element_type=\"container\" data-e-type=\"container\">\n\t\t\t\t<div class=\"elementor-element elementor-element-d89cfaa elementor-widget__width-inherit elementor-widget elementor-widget-text-editor\" data-id=\"d89cfaa\" data-element_type=\"widget\" data-e-type=\"widget\" data-widget_type=\"text-editor.default\">\n\t\t\t\t\t\t\t\t\t<ul>\n<li>Beheizte Pools: Erwachsene 312\u00a0m<sup>2\u00a0<\/sup>\/ Kinder 478\u00a0m<sup>2<\/sup>\u00a0\/ Whirlpool 196\u00a0m<sup>2<\/sup><\/li>\n<li>Sonnenterrasse<\/li>\n<li>Fitness-Studio<\/li>\n<li>Aerobic, Step, Aquagym, Spinning<\/li>\n<li>Ausgestatteter und \u00fcberwachter Strand<\/li>\n<li>Kleinfeldfu\u00dfballplatz<\/li>\n<li>Tennisplatz<\/li>\n<li>Basketballplatz<\/li>\n<li>Beach-Volley<\/li>\n<li>Minigolf<\/li>\n<li>Tischtennis<\/li>\n<li>Tauchschule PADI<\/li>\n<li>Tauchg\u00e4nge im Meer<\/li>\n<li>Schwimmkurse (ab dem 25. Mai)<\/li>\n<li>Windsurfschule (ab dem 22. Mai)<\/li>\n<li>Vermietung von Windsurfausr\u00fcstung, SUP und Katamaran<\/li>\n<li>Kanu<\/li>\n<li>Fahrradverleih<\/li>\n<li>Naturlehrpfade in der Lagune<\/li>\n<li>Bootsausfl\u00fcge nach Venedig und zu den Inseln der Lagune<\/li>\n<li>Miniclub und Junior-Club<\/li>\n<li>Kinderprogramm<\/li>\n<li>Spielplatz<\/li>\n<li>M\u00fcnzautos f\u00fcr Kinder<\/li>\n<li>Lokaler Markt: 2 mal w\u00f6chentlich<\/li>\n<li>Lokale Veranstaltungen: Palio delle Contrade (Juni), Festa del Redentore (dritter Sonntag im Juli), Beach On Fire (Ende August), Regata Storica (erster Sonntag im September in Venedig)<\/li>\n<\/ul>\n\t\t\t\t\t\t\t\t<\/div>\n\t\t\t\t<\/div>\n\t\t\t\t\t<\/div>\n\t\t\t\t<\/div>\n\t\t<div class=\"elementor-element elementor-element-3eae963 e-flex e-con-boxed e-con e-parent\" data-id=\"3eae963\" data-element_type=\"container\" data-e-type=\"container\">\n\t\t\t\t\t<div class=\"e-con-inner\">\n\t\t\t\t<div class=\"elementor-element elementor-element-3acc762 elementor-widget elementor-widget-spacer\" data-id=\"3acc762\" data-element_type=\"widget\" data-e-type=\"widget\" data-widget_type=\"spacer.default\">\n\t\t\t\t\t\t\t<div class=\"elementor-spacer\">\n\t\t\t<div class=\"elementor-spacer-inner\"><\/div>\n\t\t<\/div>\n\t\t\t\t\t\t<\/div>\n\t\t\t\t\t<\/div>\n\t\t\t\t<\/div>\n\t\t\t\t<\/div>\n\t\t","protected":false},"excerpt":{"rendered":"<p>Informationen und Reservierungen Serviceleistungen Allgemeine Informationen Fl\u00e4che: 11ha Klassifizierung: 4* Entfernung zum Meer: 0 \u00d6ffnungszeiten: 23\/04\/2026 \u2013 05\/10\/2026 Wohneinheiten: 178 Stellpl\u00e4tze: ca. 300 Sprachen im Feriendorf: I-D-GB-F-E Check-in: 07.30am \u2013 11.00pm Rezeption: 24h Entfernung zum Flughafen Venedig: 50 km Bushaltestelle: in der N\u00e4he des Feriendorfes Entfernung Anlegestelle Venedig: 4 km Fahrzeit Motorboot zum Markusplatz in [&hellip;]<\/p>\n","protected":false},"author":1,"featured_media":5936,"parent":6478,"menu_order":1,"comment_status":"closed","ping_status":"closed","template":"","meta":{"_acf_changed":false,"footnotes":""},"class_list":["post-6480","page","type-page","status-publish","has-post-thumbnail","hentry"],"acf":[],"yoast_head":"<!-- This site is optimized with the Yoast SEO plugin v27.1.1 - https:\/\/yoast.com\/product\/yoast-seo-wordpress\/ -->\n<title>Serviceleistungen - Camping Village Dei Fiori<\/title>\n<meta name=\"robots\" content=\"index, follow, max-snippet:-1, max-image-preview:large, max-video-preview:-1\" \/>\n<link rel=\"canonical\" href=\"https:\/\/www.deifiori.it\/de\/buchen\/serviceleistungen\/\" \/>\n<meta property=\"og:locale\" content=\"de_DE\" \/>\n<meta property=\"og:type\" content=\"article\" \/>\n<meta property=\"og:title\" content=\"Serviceleistungen - Camping Village Dei Fiori\" \/>\n<meta property=\"og:description\" content=\"Informationen und Reservierungen Serviceleistungen Allgemeine Informationen Fl\u00e4che: 11ha Klassifizierung: 4* Entfernung zum Meer: 0 \u00d6ffnungszeiten: 23\/04\/2026 \u2013 05\/10\/2026 Wohneinheiten: 178 Stellpl\u00e4tze: ca. 300 Sprachen im Feriendorf: I-D-GB-F-E Check-in: 07.30am \u2013 11.00pm Rezeption: 24h Entfernung zum Flughafen Venedig: 50 km Bushaltestelle: in der N\u00e4he des Feriendorfes Entfernung Anlegestelle Venedig: 4 km Fahrzeit Motorboot zum Markusplatz in [&hellip;]\" \/>\n<meta property=\"og:url\" content=\"https:\/\/www.deifiori.it\/de\/buchen\/serviceleistungen\/\" \/>\n<meta property=\"og:site_name\" content=\"Camping Village Dei Fiori\" \/>\n<meta property=\"article:publisher\" content=\"https:\/\/www.facebook.com\/DeiFioriCamping\" \/>\n<meta property=\"article:modified_time\" content=\"2026-02-18T12:50:32+00:00\" \/>\n<meta property=\"og:image\" content=\"https:\/\/www.deifiori.it\/wp-content\/uploads\/2025\/11\/1-Camping-Villaggio-Dei-Fiori-Campeggio-Campingplatz-Cavallino.jpg\" \/>\n\t<meta property=\"og:image:width\" content=\"1600\" \/>\n\t<meta property=\"og:image:height\" content=\"1000\" \/>\n\t<meta property=\"og:image:type\" content=\"image\/jpeg\" \/>\n<meta name=\"twitter:card\" content=\"summary_large_image\" \/>\n<meta name=\"twitter:label1\" content=\"Gesch\u00e4tzte Lesezeit\" \/>\n\t<meta name=\"twitter:data1\" content=\"1\u00a0Minute\" \/>\n<script type=\"application\/ld+json\" class=\"yoast-schema-graph\">{\"@context\":\"https:\/\/schema.org\",\"@graph\":[{\"@type\":\"WebPage\",\"@id\":\"https:\/\/www.deifiori.it\/de\/buchen\/serviceleistungen\/\",\"url\":\"https:\/\/www.deifiori.it\/de\/buchen\/serviceleistungen\/\",\"name\":\"Serviceleistungen - Camping Village Dei Fiori\",\"isPartOf\":{\"@id\":\"https:\/\/www.deifiori.it\/de\/#website\"},\"primaryImageOfPage\":{\"@id\":\"https:\/\/www.deifiori.it\/de\/buchen\/serviceleistungen\/#primaryimage\"},\"image\":{\"@id\":\"https:\/\/www.deifiori.it\/de\/buchen\/serviceleistungen\/#primaryimage\"},\"thumbnailUrl\":\"https:\/\/www.deifiori.it\/wp-content\/uploads\/2025\/11\/1-Camping-Villaggio-Dei-Fiori-Campeggio-Campingplatz-Cavallino.jpg\",\"datePublished\":\"2025-10-24T13:42:27+00:00\",\"dateModified\":\"2026-02-18T12:50:32+00:00\",\"breadcrumb\":{\"@id\":\"https:\/\/www.deifiori.it\/de\/buchen\/serviceleistungen\/#breadcrumb\"},\"inLanguage\":\"de\",\"potentialAction\":[{\"@type\":\"ReadAction\",\"target\":[\"https:\/\/www.deifiori.it\/de\/buchen\/serviceleistungen\/\"]}]},{\"@type\":\"ImageObject\",\"inLanguage\":\"de\",\"@id\":\"https:\/\/www.deifiori.it\/de\/buchen\/serviceleistungen\/#primaryimage\",\"url\":\"https:\/\/www.deifiori.it\/wp-content\/uploads\/2025\/11\/1-Camping-Villaggio-Dei-Fiori-Campeggio-Campingplatz-Cavallino.jpg\",\"contentUrl\":\"https:\/\/www.deifiori.it\/wp-content\/uploads\/2025\/11\/1-Camping-Villaggio-Dei-Fiori-Campeggio-Campingplatz-Cavallino.jpg\",\"width\":1600,\"height\":1000},{\"@type\":\"BreadcrumbList\",\"@id\":\"https:\/\/www.deifiori.it\/de\/buchen\/serviceleistungen\/#breadcrumb\",\"itemListElement\":[{\"@type\":\"ListItem\",\"position\":1,\"name\":\"Home\",\"item\":\"https:\/\/www.deifiori.it\/de\/\"},{\"@type\":\"ListItem\",\"position\":2,\"name\":\"Buchen\",\"item\":\"https:\/\/www.deifiori.it\/de\/buchen\/\"},{\"@type\":\"ListItem\",\"position\":3,\"name\":\"Serviceleistungen\"}]},{\"@type\":\"WebSite\",\"@id\":\"https:\/\/www.deifiori.it\/de\/#website\",\"url\":\"https:\/\/www.deifiori.it\/de\/\",\"name\":\"Camping Village Dei Fiori\",\"description\":\"Il Camping a Cavallino per tutta la famiglia!\",\"publisher\":{\"@id\":\"https:\/\/www.deifiori.it\/de\/#organization\"},\"potentialAction\":[{\"@type\":\"SearchAction\",\"target\":{\"@type\":\"EntryPoint\",\"urlTemplate\":\"https:\/\/www.deifiori.it\/de\/?s={search_term_string}\"},\"query-input\":{\"@type\":\"PropertyValueSpecification\",\"valueRequired\":true,\"valueName\":\"search_term_string\"}}],\"inLanguage\":\"de\"},{\"@type\":\"Organization\",\"@id\":\"https:\/\/www.deifiori.it\/de\/#organization\",\"name\":\"Camping Village Dei Fiori\",\"url\":\"https:\/\/www.deifiori.it\/de\/\",\"logo\":{\"@type\":\"ImageObject\",\"inLanguage\":\"de\",\"@id\":\"https:\/\/www.deifiori.it\/de\/#\/schema\/logo\/image\/\",\"url\":\"https:\/\/www.deifiori.it\/wp-content\/uploads\/2025\/10\/F_orizzontale-stretto_logo_colori.png\",\"contentUrl\":\"https:\/\/www.deifiori.it\/wp-content\/uploads\/2025\/10\/F_orizzontale-stretto_logo_colori.png\",\"width\":1038,\"height\":313,\"caption\":\"Camping Village Dei Fiori\"},\"image\":{\"@id\":\"https:\/\/www.deifiori.it\/de\/#\/schema\/logo\/image\/\"},\"sameAs\":[\"https:\/\/www.facebook.com\/DeiFioriCamping\",\"https:\/\/www.instagram.com\/deifioricamping\/\",\"http:\/\/www.tripadvisor.it\/Hotel_Review-g194724-d238939-Reviews-Camping_Village_Dei_Fiori-Cavallino_Treporti_Veneto.html\"]}]}<\/script>\n<!-- \/ Yoast SEO plugin. -->","yoast_head_json":{"title":"Serviceleistungen - Camping Village Dei Fiori","robots":{"index":"index","follow":"follow","max-snippet":"max-snippet:-1","max-image-preview":"max-image-preview:large","max-video-preview":"max-video-preview:-1"},"canonical":"https:\/\/www.deifiori.it\/de\/buchen\/serviceleistungen\/","og_locale":"de_DE","og_type":"article","og_title":"Serviceleistungen - Camping Village Dei Fiori","og_description":"Informationen und Reservierungen Serviceleistungen Allgemeine Informationen Fl\u00e4che: 11ha Klassifizierung: 4* Entfernung zum Meer: 0 \u00d6ffnungszeiten: 23\/04\/2026 \u2013 05\/10\/2026 Wohneinheiten: 178 Stellpl\u00e4tze: ca. 300 Sprachen im Feriendorf: I-D-GB-F-E Check-in: 07.30am \u2013 11.00pm Rezeption: 24h Entfernung zum Flughafen Venedig: 50 km Bushaltestelle: in der N\u00e4he des Feriendorfes Entfernung Anlegestelle Venedig: 4 km Fahrzeit Motorboot zum Markusplatz in [&hellip;]","og_url":"https:\/\/www.deifiori.it\/de\/buchen\/serviceleistungen\/","og_site_name":"Camping Village Dei Fiori","article_publisher":"https:\/\/www.facebook.com\/DeiFioriCamping","article_modified_time":"2026-02-18T12:50:32+00:00","og_image":[{"width":1600,"height":1000,"url":"https:\/\/www.deifiori.it\/wp-content\/uploads\/2025\/11\/1-Camping-Villaggio-Dei-Fiori-Campeggio-Campingplatz-Cavallino.jpg","type":"image\/jpeg"}],"twitter_card":"summary_large_image","twitter_misc":{"Gesch\u00e4tzte Lesezeit":"1\u00a0Minute"},"schema":{"@context":"https:\/\/schema.org","@graph":[{"@type":"WebPage","@id":"https:\/\/www.deifiori.it\/de\/buchen\/serviceleistungen\/","url":"https:\/\/www.deifiori.it\/de\/buchen\/serviceleistungen\/","name":"Serviceleistungen - Camping Village Dei Fiori","isPartOf":{"@id":"https:\/\/www.deifiori.it\/de\/#website"},"primaryImageOfPage":{"@id":"https:\/\/www.deifiori.it\/de\/buchen\/serviceleistungen\/#primaryimage"},"image":{"@id":"https:\/\/www.deifiori.it\/de\/buchen\/serviceleistungen\/#primaryimage"},"thumbnailUrl":"https:\/\/www.deifiori.it\/wp-content\/uploads\/2025\/11\/1-Camping-Villaggio-Dei-Fiori-Campeggio-Campingplatz-Cavallino.jpg","datePublished":"2025-10-24T13:42:27+00:00","dateModified":"2026-02-18T12:50:32+00:00","breadcrumb":{"@id":"https:\/\/www.deifiori.it\/de\/buchen\/serviceleistungen\/#breadcrumb"},"inLanguage":"de","potentialAction":[{"@type":"ReadAction","target":["https:\/\/www.deifiori.it\/de\/buchen\/serviceleistungen\/"]}]},{"@type":"ImageObject","inLanguage":"de","@id":"https:\/\/www.deifiori.it\/de\/buchen\/serviceleistungen\/#primaryimage","url":"https:\/\/www.deifiori.it\/wp-content\/uploads\/2025\/11\/1-Camping-Villaggio-Dei-Fiori-Campeggio-Campingplatz-Cavallino.jpg","contentUrl":"https:\/\/www.deifiori.it\/wp-content\/uploads\/2025\/11\/1-Camping-Villaggio-Dei-Fiori-Campeggio-Campingplatz-Cavallino.jpg","width":1600,"height":1000},{"@type":"BreadcrumbList","@id":"https:\/\/www.deifiori.it\/de\/buchen\/serviceleistungen\/#breadcrumb","itemListElement":[{"@type":"ListItem","position":1,"name":"Home","item":"https:\/\/www.deifiori.it\/de\/"},{"@type":"ListItem","position":2,"name":"Buchen","item":"https:\/\/www.deifiori.it\/de\/buchen\/"},{"@type":"ListItem","position":3,"name":"Serviceleistungen"}]},{"@type":"WebSite","@id":"https:\/\/www.deifiori.it\/de\/#website","url":"https:\/\/www.deifiori.it\/de\/","name":"Camping Village Dei Fiori","description":"Il Camping a Cavallino per tutta la famiglia!","publisher":{"@id":"https:\/\/www.deifiori.it\/de\/#organization"},"potentialAction":[{"@type":"SearchAction","target":{"@type":"EntryPoint","urlTemplate":"https:\/\/www.deifiori.it\/de\/?s={search_term_string}"},"query-input":{"@type":"PropertyValueSpecification","valueRequired":true,"valueName":"search_term_string"}}],"inLanguage":"de"},{"@type":"Organization","@id":"https:\/\/www.deifiori.it\/de\/#organization","name":"Camping Village Dei Fiori","url":"https:\/\/www.deifiori.it\/de\/","logo":{"@type":"ImageObject","inLanguage":"de","@id":"https:\/\/www.deifiori.it\/de\/#\/schema\/logo\/image\/","url":"https:\/\/www.deifiori.it\/wp-content\/uploads\/2025\/10\/F_orizzontale-stretto_logo_colori.png","contentUrl":"https:\/\/www.deifiori.it\/wp-content\/uploads\/2025\/10\/F_orizzontale-stretto_logo_colori.png","width":1038,"height":313,"caption":"Camping Village Dei Fiori"},"image":{"@id":"https:\/\/www.deifiori.it\/de\/#\/schema\/logo\/image\/"},"sameAs":["https:\/\/www.facebook.com\/DeiFioriCamping","https:\/\/www.instagram.com\/deifioricamping\/","http:\/\/www.tripadvisor.it\/Hotel_Review-g194724-d238939-Reviews-Camping_Village_Dei_Fiori-Cavallino_Treporti_Veneto.html"]}]}},"_links":{"self":[{"href":"https:\/\/www.deifiori.it\/de\/wp-json\/wp\/v2\/pages\/6480","targetHints":{"allow":["GET"]}}],"collection":[{"href":"https:\/\/www.deifiori.it\/de\/wp-json\/wp\/v2\/pages"}],"about":[{"href":"https:\/\/www.deifiori.it\/de\/wp-json\/wp\/v2\/types\/page"}],"author":[{"embeddable":true,"href":"https:\/\/www.deifiori.it\/de\/wp-json\/wp\/v2\/users\/1"}],"replies":[{"embeddable":true,"href":"https:\/\/www.deifiori.it\/de\/wp-json\/wp\/v2\/comments?post=6480"}],"version-history":[{"count":5,"href":"https:\/\/www.deifiori.it\/de\/wp-json\/wp\/v2\/pages\/6480\/revisions"}],"predecessor-version":[{"id":8545,"href":"https:\/\/www.deifiori.it\/de\/wp-json\/wp\/v2\/pages\/6480\/revisions\/8545"}],"up":[{"embeddable":true,"href":"https:\/\/www.deifiori.it\/de\/wp-json\/wp\/v2\/pages\/6478"}],"wp:featuredmedia":[{"embeddable":true,"href":"https:\/\/www.deifiori.it\/de\/wp-json\/wp\/v2\/media\/5936"}],"wp:attachment":[{"href":"https:\/\/www.deifiori.it\/de\/wp-json\/wp\/v2\/media?parent=6480"}],"curies":[{"name":"wp","href":"https:\/\/api.w.org\/{rel}","templated":true}]}}