{"id":6497,"date":"2026-01-26T08:44:33","date_gmt":"2026-01-26T08:44:33","guid":{"rendered":"https:\/\/demo.deifiori.it\/verhaltenskodex\/"},"modified":"2026-01-27T09:09:17","modified_gmt":"2026-01-27T09:09:17","slug":"verhaltenskodex","status":"publish","type":"page","link":"https:\/\/www.deifiori.it\/de\/verhaltenskodex\/","title":{"rendered":"Verhaltenskodex"},"content":{"rendered":"\t\t<div data-elementor-type=\"wp-page\" data-elementor-id=\"6497\" class=\"elementor elementor-6497 elementor-6355\" data-elementor-post-type=\"page\">\n\t\t\t\t<div class=\"elementor-element elementor-element-5fd6e8a e-flex e-con-boxed e-con e-parent\" data-id=\"5fd6e8a\" data-element_type=\"container\" data-e-type=\"container\" data-settings=\"{&quot;background_background&quot;:&quot;classic&quot;}\">\n\t\t\t\t\t<div class=\"e-con-inner\">\n\t\t<div class=\"elementor-element elementor-element-b35228e e-con-full e-flex e-con e-child\" data-id=\"b35228e\" data-element_type=\"container\" data-e-type=\"container\">\n\t\t\t\t<div class=\"elementor-element elementor-element-5eba4e3 elementor-widget elementor-widget-heading\" data-id=\"5eba4e3\" data-element_type=\"widget\" data-e-type=\"widget\" data-widget_type=\"heading.default\">\n\t\t\t\t\t<h1 class=\"elementor-heading-title elementor-size-default\">Unternehmensethikkodex<\/h1>\t\t\t\t<\/div>\n\t\t\t\t<\/div>\n\t\t\t\t<div class=\"elementor-element elementor-element-78afbca elementor-hidden-mobile elementor-invisible elementor-widget elementor-widget-template\" data-id=\"78afbca\" data-element_type=\"widget\" data-e-type=\"widget\" data-settings=\"{&quot;_animation&quot;:&quot;fadeInUp&quot;}\" data-widget_type=\"template.default\">\n\t\t\t\t<div class=\"elementor-widget-container\">\n\t\t\t\t\t\t\t<div class=\"elementor-template\">\n\t\t\t\t\t<div data-elementor-type=\"container\" data-elementor-id=\"6503\" class=\"elementor elementor-6503 elementor-601 elementor-601\" data-elementor-post-type=\"elementor_library\">\n\t\t\t\t<a class=\"elementor-element elementor-element-5c26cc01 e-con-full e-flex e-con e-child\" data-id=\"5c26cc01\" data-element_type=\"container\" data-e-type=\"container\" href=\"#esplora\" aria-label=\"Bring to content\">\n\t\t\t\t<div class=\"elementor-element elementor-element-4af3aab0 elementor-widget elementor-widget-heading\" data-id=\"4af3aab0\" data-element_type=\"widget\" data-e-type=\"widget\" data-widget_type=\"heading.default\">\n\t\t\t\t\t<div class=\"elementor-heading-title elementor-size-default\"><a href=\"#esplora\" aria-label=\"Bring to content\">ERKUNDEN<\/a><\/div>\t\t\t\t<\/div>\n\t\t\t\t<div class=\"elementor-element elementor-element-2cfb51f7 elementor-view-default elementor-widget elementor-widget-icon\" data-id=\"2cfb51f7\" data-element_type=\"widget\" data-e-type=\"widget\" data-widget_type=\"icon.default\">\n\t\t\t\t\t\t\t<div class=\"elementor-icon-wrapper\">\n\t\t\t<a class=\"elementor-icon\" href=\"#esplora\" aria-label=\"Bring to content\">\n\t\t\t<svg xmlns=\"http:\/\/www.w3.org\/2000\/svg\" id=\"Livello_1\" viewBox=\"0 0 30 30\"><defs><style>      .st0 {        fill-rule: evenodd;      }    <\/style><\/defs><path class=\"st0\" d=\"M15.4,25.8l11.1-9.8.5.5-11.7,10.4-.3.2-.3-.2L3,16.4l.5-.5,11.1,9.8V3h.7v22.8Z\"><\/path><\/svg>\t\t\t<\/a>\n\t\t<\/div>\n\t\t\t\t\t\t<\/div>\n\t\t\t\t<\/a>\n\t\t\t\t<\/div>\n\t\t\t\t<\/div>\n\t\t\t\t\t\t<\/div>\n\t\t\t\t<\/div>\n\t\t\t\t\t<\/div>\n\t\t\t\t<\/div>\n\t\t<div class=\"elementor-element elementor-element-edd0148 e-flex e-con-boxed e-con e-parent\" data-id=\"edd0148\" data-element_type=\"container\" data-e-type=\"container\">\n\t\t\t\t\t<div class=\"e-con-inner\">\n\t\t\t\t<div class=\"elementor-element elementor-element-ab44d62 elementor-widget elementor-widget-spacer\" data-id=\"ab44d62\" data-element_type=\"widget\" data-e-type=\"widget\" data-widget_type=\"spacer.default\">\n\t\t\t\t\t\t\t<div class=\"elementor-spacer\">\n\t\t\t<div class=\"elementor-spacer-inner\"><\/div>\n\t\t<\/div>\n\t\t\t\t\t\t<\/div>\n\t\t\t\t\t<\/div>\n\t\t\t\t<\/div>\n\t\t<div class=\"elementor-element elementor-element-5046da0 e-flex e-con-boxed e-con e-parent\" data-id=\"5046da0\" data-element_type=\"container\" data-e-type=\"container\">\n\t\t\t\t\t<div class=\"e-con-inner\">\n\t\t<div class=\"elementor-element elementor-element-8f7f9ea e-con-full e-flex e-con e-child\" data-id=\"8f7f9ea\" data-element_type=\"container\" data-e-type=\"container\">\n\t\t\t\t<div class=\"elementor-element elementor-element-497570d elementor-widget elementor-widget-text-editor\" data-id=\"497570d\" data-element_type=\"widget\" data-e-type=\"widget\" data-widget_type=\"text-editor.default\">\n\t\t\t\t\t\t\t\t\t<p>Das Unternehmen hat sich endg\u00fcltig dazu entschlossen, den Ethikkodex in seine Gesch\u00e4ftst\u00e4tigkeit zu integrieren und damit Loyalit\u00e4t, Fairness, Ehrlichkeit und moralische Integrit\u00e4t gegen\u00fcber seinen Kunden, Lieferanten, Mitarbeitern und allen anderen Stakeholdern, mit denen es t\u00e4glich in Kontakt steht, zu wahren. Diese Stakeholder wiederum sind verpflichtet, sich an die Grunds\u00e4tze des Kodex zu halten.<\/p>\n\t\t\t\t\t\t\t\t<\/div>\n\t\t\t\t<\/div>\n\t\t<div class=\"elementor-element elementor-element-62cfecf e-con-full e-flex e-con e-child\" data-id=\"62cfecf\" data-element_type=\"container\" data-e-type=\"container\">\n\t\t\t\t<div class=\"elementor-element elementor-element-6a0f3e6 elementor-widget elementor-widget-image\" data-id=\"6a0f3e6\" data-element_type=\"widget\" data-e-type=\"widget\" data-widget_type=\"image.default\">\n\t\t\t\t\t\t\t\t\t\t\t\t<figure class=\"wp-caption\">\n\t\t\t\t\t\t\t\t\t\t\t<a href=\"https:\/\/www.vacanze-natura.it\/pdf\/CodiceEticoSAIT.pdf?v=04062024\" target=\"_blank\">\n\t\t\t\t\t\t\t<img fetchpriority=\"high\" decoding=\"async\" width=\"400\" height=\"510\" src=\"https:\/\/www.deifiori.it\/wp-content\/uploads\/2026\/01\/CodiceEticoSAIT.jpg\" class=\"attachment-large size-large wp-image-6544\" alt=\"\" srcset=\"https:\/\/www.deifiori.it\/wp-content\/uploads\/2026\/01\/CodiceEticoSAIT.jpg 400w, https:\/\/www.deifiori.it\/wp-content\/uploads\/2026\/01\/CodiceEticoSAIT-251x320.jpg 251w\" sizes=\"(max-width: 400px) 100vw, 400px\" \/>\t\t\t\t\t\t\t\t<\/a>\n\t\t\t\t\t\t\t\t\t\t\t<figcaption class=\"widget-image-caption wp-caption-text\">Verhaltenskodex f\u00fcr Unternehmen \u2013 PDF<\/figcaption>\n\t\t\t\t\t\t\t\t\t\t<\/figure>\n\t\t\t\t\t\t\t\t\t<\/div>\n\t\t\t\t<\/div>\n\t\t\t\t\t<\/div>\n\t\t\t\t<\/div>\n\t\t<div class=\"elementor-element elementor-element-55f8e71 e-flex e-con-boxed e-con e-parent\" data-id=\"55f8e71\" data-element_type=\"container\" data-e-type=\"container\">\n\t\t\t\t\t<div class=\"e-con-inner\">\n\t\t\t\t<div class=\"elementor-element elementor-element-f8035c0 elementor-widget elementor-widget-spacer\" data-id=\"f8035c0\" data-element_type=\"widget\" data-e-type=\"widget\" data-widget_type=\"spacer.default\">\n\t\t\t\t\t\t\t<div class=\"elementor-spacer\">\n\t\t\t<div class=\"elementor-spacer-inner\"><\/div>\n\t\t<\/div>\n\t\t\t\t\t\t<\/div>\n\t\t\t\t\t<\/div>\n\t\t\t\t<\/div>\n\t\t\t\t<\/div>\n\t\t","protected":false},"excerpt":{"rendered":"<p>Unternehmensethikkodex Das Unternehmen hat sich endg\u00fcltig dazu entschlossen, den Ethikkodex in seine Gesch\u00e4ftst\u00e4tigkeit zu integrieren und damit Loyalit\u00e4t, Fairness, Ehrlichkeit und moralische Integrit\u00e4t gegen\u00fcber seinen Kunden, Lieferanten, Mitarbeitern und allen anderen Stakeholdern, mit denen es t\u00e4glich in Kontakt steht, zu wahren. Diese Stakeholder wiederum sind verpflichtet, sich an die Grunds\u00e4tze des Kodex zu halten. Verhaltenskodex [&hellip;]<\/p>\n","protected":false},"author":3,"featured_media":5936,"parent":0,"menu_order":999,"comment_status":"closed","ping_status":"closed","template":"","meta":{"_acf_changed":false,"footnotes":""},"class_list":["post-6497","page","type-page","status-publish","has-post-thumbnail","hentry"],"acf":[],"yoast_head":"<!-- This site is optimized with the Yoast SEO plugin v27.1.1 - https:\/\/yoast.com\/product\/yoast-seo-wordpress\/ -->\n<title>Verhaltenskodex - Camping Village Dei Fiori<\/title>\n<meta name=\"robots\" content=\"index, follow, max-snippet:-1, max-image-preview:large, max-video-preview:-1\" \/>\n<link rel=\"canonical\" href=\"https:\/\/www.deifiori.it\/de\/verhaltenskodex\/\" \/>\n<meta property=\"og:locale\" content=\"de_DE\" \/>\n<meta property=\"og:type\" content=\"article\" \/>\n<meta property=\"og:title\" content=\"Verhaltenskodex - Camping Village Dei Fiori\" \/>\n<meta property=\"og:description\" content=\"Unternehmensethikkodex Das Unternehmen hat sich endg\u00fcltig dazu entschlossen, den Ethikkodex in seine Gesch\u00e4ftst\u00e4tigkeit zu integrieren und damit Loyalit\u00e4t, Fairness, Ehrlichkeit und moralische Integrit\u00e4t gegen\u00fcber seinen Kunden, Lieferanten, Mitarbeitern und allen anderen Stakeholdern, mit denen es t\u00e4glich in Kontakt steht, zu wahren. Diese Stakeholder wiederum sind verpflichtet, sich an die Grunds\u00e4tze des Kodex zu halten. Verhaltenskodex [&hellip;]\" \/>\n<meta property=\"og:url\" content=\"https:\/\/www.deifiori.it\/de\/verhaltenskodex\/\" \/>\n<meta property=\"og:site_name\" content=\"Camping Village Dei Fiori\" \/>\n<meta property=\"article:publisher\" content=\"https:\/\/www.facebook.com\/DeiFioriCamping\" \/>\n<meta property=\"article:modified_time\" content=\"2026-01-27T09:09:17+00:00\" \/>\n<meta property=\"og:image\" content=\"https:\/\/www.deifiori.it\/wp-content\/uploads\/2025\/11\/1-Camping-Villaggio-Dei-Fiori-Campeggio-Campingplatz-Cavallino.jpg\" \/>\n\t<meta property=\"og:image:width\" content=\"1600\" \/>\n\t<meta property=\"og:image:height\" content=\"1000\" \/>\n\t<meta property=\"og:image:type\" content=\"image\/jpeg\" \/>\n<meta name=\"twitter:card\" content=\"summary_large_image\" \/>\n<script type=\"application\/ld+json\" class=\"yoast-schema-graph\">{\"@context\":\"https:\/\/schema.org\",\"@graph\":[{\"@type\":\"WebPage\",\"@id\":\"https:\/\/www.deifiori.it\/de\/verhaltenskodex\/\",\"url\":\"https:\/\/www.deifiori.it\/de\/verhaltenskodex\/\",\"name\":\"Verhaltenskodex - Camping Village Dei Fiori\",\"isPartOf\":{\"@id\":\"https:\/\/www.deifiori.it\/de\/#website\"},\"primaryImageOfPage\":{\"@id\":\"https:\/\/www.deifiori.it\/de\/verhaltenskodex\/#primaryimage\"},\"image\":{\"@id\":\"https:\/\/www.deifiori.it\/de\/verhaltenskodex\/#primaryimage\"},\"thumbnailUrl\":\"https:\/\/www.deifiori.it\/wp-content\/uploads\/2025\/11\/1-Camping-Villaggio-Dei-Fiori-Campeggio-Campingplatz-Cavallino.jpg\",\"datePublished\":\"2026-01-26T08:44:33+00:00\",\"dateModified\":\"2026-01-27T09:09:17+00:00\",\"breadcrumb\":{\"@id\":\"https:\/\/www.deifiori.it\/de\/verhaltenskodex\/#breadcrumb\"},\"inLanguage\":\"de\",\"potentialAction\":[{\"@type\":\"ReadAction\",\"target\":[\"https:\/\/www.deifiori.it\/de\/verhaltenskodex\/\"]}]},{\"@type\":\"ImageObject\",\"inLanguage\":\"de\",\"@id\":\"https:\/\/www.deifiori.it\/de\/verhaltenskodex\/#primaryimage\",\"url\":\"https:\/\/www.deifiori.it\/wp-content\/uploads\/2025\/11\/1-Camping-Villaggio-Dei-Fiori-Campeggio-Campingplatz-Cavallino.jpg\",\"contentUrl\":\"https:\/\/www.deifiori.it\/wp-content\/uploads\/2025\/11\/1-Camping-Villaggio-Dei-Fiori-Campeggio-Campingplatz-Cavallino.jpg\",\"width\":1600,\"height\":1000},{\"@type\":\"BreadcrumbList\",\"@id\":\"https:\/\/www.deifiori.it\/de\/verhaltenskodex\/#breadcrumb\",\"itemListElement\":[{\"@type\":\"ListItem\",\"position\":1,\"name\":\"Home\",\"item\":\"https:\/\/www.deifiori.it\/de\/\"},{\"@type\":\"ListItem\",\"position\":2,\"name\":\"Verhaltenskodex\"}]},{\"@type\":\"WebSite\",\"@id\":\"https:\/\/www.deifiori.it\/de\/#website\",\"url\":\"https:\/\/www.deifiori.it\/de\/\",\"name\":\"Camping Village Dei Fiori\",\"description\":\"Il Camping a Cavallino per tutta la famiglia!\",\"publisher\":{\"@id\":\"https:\/\/www.deifiori.it\/de\/#organization\"},\"potentialAction\":[{\"@type\":\"SearchAction\",\"target\":{\"@type\":\"EntryPoint\",\"urlTemplate\":\"https:\/\/www.deifiori.it\/de\/?s={search_term_string}\"},\"query-input\":{\"@type\":\"PropertyValueSpecification\",\"valueRequired\":true,\"valueName\":\"search_term_string\"}}],\"inLanguage\":\"de\"},{\"@type\":\"Organization\",\"@id\":\"https:\/\/www.deifiori.it\/de\/#organization\",\"name\":\"Camping Village Dei Fiori\",\"url\":\"https:\/\/www.deifiori.it\/de\/\",\"logo\":{\"@type\":\"ImageObject\",\"inLanguage\":\"de\",\"@id\":\"https:\/\/www.deifiori.it\/de\/#\/schema\/logo\/image\/\",\"url\":\"https:\/\/www.deifiori.it\/wp-content\/uploads\/2025\/10\/F_orizzontale-stretto_logo_colori.png\",\"contentUrl\":\"https:\/\/www.deifiori.it\/wp-content\/uploads\/2025\/10\/F_orizzontale-stretto_logo_colori.png\",\"width\":1038,\"height\":313,\"caption\":\"Camping Village Dei Fiori\"},\"image\":{\"@id\":\"https:\/\/www.deifiori.it\/de\/#\/schema\/logo\/image\/\"},\"sameAs\":[\"https:\/\/www.facebook.com\/DeiFioriCamping\",\"https:\/\/www.instagram.com\/deifioricamping\/\",\"http:\/\/www.tripadvisor.it\/Hotel_Review-g194724-d238939-Reviews-Camping_Village_Dei_Fiori-Cavallino_Treporti_Veneto.html\"]}]}<\/script>\n<!-- \/ Yoast SEO plugin. -->","yoast_head_json":{"title":"Verhaltenskodex - Camping Village Dei Fiori","robots":{"index":"index","follow":"follow","max-snippet":"max-snippet:-1","max-image-preview":"max-image-preview:large","max-video-preview":"max-video-preview:-1"},"canonical":"https:\/\/www.deifiori.it\/de\/verhaltenskodex\/","og_locale":"de_DE","og_type":"article","og_title":"Verhaltenskodex - Camping Village Dei Fiori","og_description":"Unternehmensethikkodex Das Unternehmen hat sich endg\u00fcltig dazu entschlossen, den Ethikkodex in seine Gesch\u00e4ftst\u00e4tigkeit zu integrieren und damit Loyalit\u00e4t, Fairness, Ehrlichkeit und moralische Integrit\u00e4t gegen\u00fcber seinen Kunden, Lieferanten, Mitarbeitern und allen anderen Stakeholdern, mit denen es t\u00e4glich in Kontakt steht, zu wahren. Diese Stakeholder wiederum sind verpflichtet, sich an die Grunds\u00e4tze des Kodex zu halten. Verhaltenskodex [&hellip;]","og_url":"https:\/\/www.deifiori.it\/de\/verhaltenskodex\/","og_site_name":"Camping Village Dei Fiori","article_publisher":"https:\/\/www.facebook.com\/DeiFioriCamping","article_modified_time":"2026-01-27T09:09:17+00:00","og_image":[{"width":1600,"height":1000,"url":"https:\/\/www.deifiori.it\/wp-content\/uploads\/2025\/11\/1-Camping-Villaggio-Dei-Fiori-Campeggio-Campingplatz-Cavallino.jpg","type":"image\/jpeg"}],"twitter_card":"summary_large_image","schema":{"@context":"https:\/\/schema.org","@graph":[{"@type":"WebPage","@id":"https:\/\/www.deifiori.it\/de\/verhaltenskodex\/","url":"https:\/\/www.deifiori.it\/de\/verhaltenskodex\/","name":"Verhaltenskodex - Camping Village Dei Fiori","isPartOf":{"@id":"https:\/\/www.deifiori.it\/de\/#website"},"primaryImageOfPage":{"@id":"https:\/\/www.deifiori.it\/de\/verhaltenskodex\/#primaryimage"},"image":{"@id":"https:\/\/www.deifiori.it\/de\/verhaltenskodex\/#primaryimage"},"thumbnailUrl":"https:\/\/www.deifiori.it\/wp-content\/uploads\/2025\/11\/1-Camping-Villaggio-Dei-Fiori-Campeggio-Campingplatz-Cavallino.jpg","datePublished":"2026-01-26T08:44:33+00:00","dateModified":"2026-01-27T09:09:17+00:00","breadcrumb":{"@id":"https:\/\/www.deifiori.it\/de\/verhaltenskodex\/#breadcrumb"},"inLanguage":"de","potentialAction":[{"@type":"ReadAction","target":["https:\/\/www.deifiori.it\/de\/verhaltenskodex\/"]}]},{"@type":"ImageObject","inLanguage":"de","@id":"https:\/\/www.deifiori.it\/de\/verhaltenskodex\/#primaryimage","url":"https:\/\/www.deifiori.it\/wp-content\/uploads\/2025\/11\/1-Camping-Villaggio-Dei-Fiori-Campeggio-Campingplatz-Cavallino.jpg","contentUrl":"https:\/\/www.deifiori.it\/wp-content\/uploads\/2025\/11\/1-Camping-Villaggio-Dei-Fiori-Campeggio-Campingplatz-Cavallino.jpg","width":1600,"height":1000},{"@type":"BreadcrumbList","@id":"https:\/\/www.deifiori.it\/de\/verhaltenskodex\/#breadcrumb","itemListElement":[{"@type":"ListItem","position":1,"name":"Home","item":"https:\/\/www.deifiori.it\/de\/"},{"@type":"ListItem","position":2,"name":"Verhaltenskodex"}]},{"@type":"WebSite","@id":"https:\/\/www.deifiori.it\/de\/#website","url":"https:\/\/www.deifiori.it\/de\/","name":"Camping Village Dei Fiori","description":"Il Camping a Cavallino per tutta la famiglia!","publisher":{"@id":"https:\/\/www.deifiori.it\/de\/#organization"},"potentialAction":[{"@type":"SearchAction","target":{"@type":"EntryPoint","urlTemplate":"https:\/\/www.deifiori.it\/de\/?s={search_term_string}"},"query-input":{"@type":"PropertyValueSpecification","valueRequired":true,"valueName":"search_term_string"}}],"inLanguage":"de"},{"@type":"Organization","@id":"https:\/\/www.deifiori.it\/de\/#organization","name":"Camping Village Dei Fiori","url":"https:\/\/www.deifiori.it\/de\/","logo":{"@type":"ImageObject","inLanguage":"de","@id":"https:\/\/www.deifiori.it\/de\/#\/schema\/logo\/image\/","url":"https:\/\/www.deifiori.it\/wp-content\/uploads\/2025\/10\/F_orizzontale-stretto_logo_colori.png","contentUrl":"https:\/\/www.deifiori.it\/wp-content\/uploads\/2025\/10\/F_orizzontale-stretto_logo_colori.png","width":1038,"height":313,"caption":"Camping Village Dei Fiori"},"image":{"@id":"https:\/\/www.deifiori.it\/de\/#\/schema\/logo\/image\/"},"sameAs":["https:\/\/www.facebook.com\/DeiFioriCamping","https:\/\/www.instagram.com\/deifioricamping\/","http:\/\/www.tripadvisor.it\/Hotel_Review-g194724-d238939-Reviews-Camping_Village_Dei_Fiori-Cavallino_Treporti_Veneto.html"]}]}},"_links":{"self":[{"href":"https:\/\/www.deifiori.it\/de\/wp-json\/wp\/v2\/pages\/6497","targetHints":{"allow":["GET"]}}],"collection":[{"href":"https:\/\/www.deifiori.it\/de\/wp-json\/wp\/v2\/pages"}],"about":[{"href":"https:\/\/www.deifiori.it\/de\/wp-json\/wp\/v2\/types\/page"}],"author":[{"embeddable":true,"href":"https:\/\/www.deifiori.it\/de\/wp-json\/wp\/v2\/users\/3"}],"replies":[{"embeddable":true,"href":"https:\/\/www.deifiori.it\/de\/wp-json\/wp\/v2\/comments?post=6497"}],"version-history":[{"count":1,"href":"https:\/\/www.deifiori.it\/de\/wp-json\/wp\/v2\/pages\/6497\/revisions"}],"predecessor-version":[{"id":6498,"href":"https:\/\/www.deifiori.it\/de\/wp-json\/wp\/v2\/pages\/6497\/revisions\/6498"}],"wp:featuredmedia":[{"embeddable":true,"href":"https:\/\/www.deifiori.it\/de\/wp-json\/wp\/v2\/media\/5936"}],"wp:attachment":[{"href":"https:\/\/www.deifiori.it\/de\/wp-json\/wp\/v2\/media?parent=6497"}],"curies":[{"name":"wp","href":"https:\/\/api.w.org\/{rel}","templated":true}]}}