{"id":6748,"date":"2025-10-24T15:42:26","date_gmt":"2025-10-24T13:42:26","guid":{"rendered":"https:\/\/demo.deifiori.it\/cookie-richtlinie\/"},"modified":"2026-02-12T17:01:37","modified_gmt":"2026-02-12T16:01:37","slug":"cookie-richtlinie","status":"publish","type":"page","link":"https:\/\/www.deifiori.it\/de\/cookie-richtlinie\/","title":{"rendered":"Cookie-Richtlinie"},"content":{"rendered":"\t\t<div data-elementor-type=\"wp-post\" data-elementor-id=\"6748\" class=\"elementor elementor-6748 elementor-169\" data-elementor-post-type=\"page\">\n\t\t\t\t<div class=\"elementor-element elementor-element-9acb489 e-flex e-con-boxed e-con e-parent\" data-id=\"9acb489\" data-element_type=\"container\" data-e-type=\"container\" data-settings=\"{&quot;background_background&quot;:&quot;classic&quot;}\">\n\t\t\t\t\t<div class=\"e-con-inner\">\n\t\t\t\t\t<\/div>\n\t\t\t\t<\/div>\n\t\t<div class=\"elementor-element elementor-element-d897dcb e-flex e-con-boxed e-con e-parent\" data-id=\"d897dcb\" data-element_type=\"container\" data-e-type=\"container\">\n\t\t\t\t\t<div class=\"e-con-inner\">\n\t\t\t\t<div class=\"elementor-element elementor-element-34e9307 elementor-widget elementor-widget-spacer\" data-id=\"34e9307\" data-element_type=\"widget\" data-e-type=\"widget\" data-widget_type=\"spacer.default\">\n\t\t\t\t\t\t\t<div class=\"elementor-spacer\">\n\t\t\t<div class=\"elementor-spacer-inner\"><\/div>\n\t\t<\/div>\n\t\t\t\t\t\t<\/div>\n\t\t\t\t\t<\/div>\n\t\t\t\t<\/div>\n\t\t<div class=\"elementor-element elementor-element-04228e1 e-flex e-con-boxed e-con e-parent\" data-id=\"04228e1\" data-element_type=\"container\" data-e-type=\"container\">\n\t\t\t\t\t<div class=\"e-con-inner\">\n\t\t\t\t<div class=\"elementor-element elementor-element-bb72df4 elementor-widget elementor-widget-heading\" data-id=\"bb72df4\" data-element_type=\"widget\" data-e-type=\"widget\" data-widget_type=\"heading.default\">\n\t\t\t\t\t<h1 class=\"elementor-heading-title elementor-size-default\">Cookie-Richtlinie<\/h1>\t\t\t\t<\/div>\n\t\t\t\t\t<\/div>\n\t\t\t\t<\/div>\n\t\t<div class=\"elementor-element elementor-element-c49b178 e-flex e-con-boxed e-con e-parent\" data-id=\"c49b178\" data-element_type=\"container\" data-e-type=\"container\">\n\t\t\t\t\t<div class=\"e-con-inner\">\n\t\t\t\t<div class=\"elementor-element elementor-element-d42b4de elementor-widget elementor-widget-text-editor\" data-id=\"d42b4de\" data-element_type=\"widget\" data-e-type=\"widget\" data-widget_type=\"text-editor.default\">\n\t\t\t\t\t\t\t\t\t<p><strong>1) VERANTWORTLICHER DER DATENVERARBEITUNG <\/strong><\/p>\n<p>Gem\u00e4\u00df Art. 4 der DSGVO ist der Verantwortliche f\u00fcr die Datenverarbeitung:<\/p>\n<p>SAIT Societ\u00e0 Adriatica Investimenti Turistici S.r.l. &#8211; Via Vettor Pisani 56 &#8211; 30013 Cavallino Treporti (Italien)<\/p>\n<p>E-Mail-Adresse des Verantwortlichen: \u00a0<a href=\"https:\/\/www.deifiori.it\/privacy\/privacy.sait@vacanze-natura.it\"><em>privacy.sait@vacanze-natura.it<\/em><\/a><\/p>\n<p><strong>2) <\/strong><strong>WAS IST EIN COOKIE?<\/strong><\/p>\n<p>Cookies sind Textdateien, die kleine Informationseinheiten enthalten und auf dem Ger\u00e4t des Nutzers (Computer, Tablet, Smartphone) gespeichert werden, wenn dieser eine Website besucht. Cookies erm\u00f6glichen es der Website, den Computer des Nutzers &#8222;wiederzuerkennen&#8220; \u2013 jedoch nicht spezifisch die Person, die ihn bedient \u2013 und das Surferlebnis angenehmer zu gestalten.<\/p>\n<p><strong>3) ZU WELCHEM ZWECK VERWENDEN WIR COOKIES?<\/strong><\/p>\n<p>Cookies werden im Allgemeinen f\u00fcr verschiedene Zwecke verwendet, wie z. B. f\u00fcr das effiziente Navigieren zwischen den Seiten einer Website, das Anwenden von Nutzereinstellungen und ganz allgemein zur Verbesserung des Surfverhaltens durch die Personalisierung der Website basierend auf den Surfgewohnheiten des Nutzers. Es ist m\u00f6glich, Cookies zu blockieren oder zu l\u00f6schen; in diesem Fall k\u00f6nnten jedoch einige Funktionen der Website nicht oder nicht ordnungsgem\u00e4\u00df funktionieren.<\/p>\n<p>Die Informationen \u00fcber Cookies werden nicht dazu verwendet, Nutzer zu identifizieren, und die Navigationsdaten bleiben stets unter unserer Kontrolle. Diese Cookies dienen ausschlie\u00dflich den hier beschriebenen Zwecken.<\/p>\n<p><strong>4) WELCHE COOKIES VERWENDEN WIR?<\/strong><\/p>\n<p><strong>A \u2013 Eigene Cookies<\/strong><\/p>\n<p>Die Website von SAIT verwendet die folgenden Arten von eigenen Cookies:<\/p>\n<ul>\n<li><strong>Technische Cookies<\/strong><\/li>\n<\/ul>\n<p>Dabei handelt es sich um Cookies, die f\u00fcr das Navigieren auf der Website unerl\u00e4sslich sind, da sie grundlegende Funktionen wie Authentifizierung, Validierung und die Verwaltung einer Navigationssitzung erm\u00f6glichen. Sie erlauben es beispielsweise zu identifizieren, ob der Nutzer ordnungsgem\u00e4\u00df auf Bereiche der Website zugegriffen hat, die eine vorherige Authentifizierung oder Validierung erfordern, sowie die Verwaltung von Sitzungen in Bezug auf verschiedene Dienste und Anwendungen oder die Speicherung von Daten f\u00fcr den sicheren Zugriff.<\/p>\n<p><strong>Ohne diese Cookies k\u00f6nnten die Website oder Teile davon nicht ordnungsgem\u00e4\u00df funktionieren.<\/strong> Daher werden sie immer verwendet und gesendet, es sei denn, der Nutzer \u00e4ndert die Einstellungen in seinem Browser, was jedoch die Anzeige der Seiten der Website beeintr\u00e4chtigen kann.<\/p>\n<ul>\n<li><strong>Analyse-Cookies<\/strong><\/li>\n<\/ul>\n<p>Diese Cookies werden verwendet, um Zugriffe und Besuche auf der Website statistisch zu analysieren. Sie dienen ausschlie\u00dflich statistischen Zwecken (und nicht dem Profiling oder Marketing) und sammeln Informationen in aggregierter Form, ohne dass ein R\u00fcckschluss auf die Identit\u00e4t des einzelnen Nutzers m\u00f6glich ist. Obwohl diese Cookies den Nutzer nicht identifizieren, erm\u00f6glichen sie es beispielsweise zu erkennen, ob derselbe Nutzer zu verschiedenen Zeiten eine Verbindung zur Website herstellt. Sie erm\u00f6glichen zudem die \u00dcberwachung des Systems sowie die Verbesserung von Leistung und Benutzerfreundlichkeit. <strong>Die Deaktivierung dieser Cookies kann ohne Funktionsverlust erfolgen.<\/strong><\/p>\n<p>Diese Website benutzt Google Analytics, einen Webanalysedienst der Google Inc. (\u201eGoogle\u201c). Google Analytics verwendet Cookies, um Informationen \u00fcber das Nutzungsverhalten der Website (einschlie\u00dflich der IP-Adresse des Nutzers) anonym zu sammeln und zu analysieren. Diese Informationen werden von Google Analytics gesammelt und verarbeitet, um Berichte \u00fcber die Aktivit\u00e4ten auf der Website zu erstellen. Diese Website verwendet das Analysetool von Google nicht und gestattet Dritten nicht, es zu verwenden, um personenbezogene Daten zu \u00fcberwachen oder zu sammeln. Google wird die IP-Adresse nicht mit anderen Daten von Google verkn\u00fcpfen und auch nicht versuchen, eine IP-Adresse mit der Identit\u00e4t eines Nutzers in Verbindung zu bringen. Google kann diese Informationen gegebenenfalls an Dritte \u00fcbertragen, sofern dies gesetzlich vorgeschrieben ist oder soweit Dritte diese Daten im Auftrag von Google verarbeiten.<\/p>\n<p>Der Nutzer wird gebeten, die Datenschutzerkl\u00e4rung von Google Analytics zur Kenntnis zu nehmen. Der Nutzer kann die Funktion von Google Analytics selektiv deaktivieren, indem er die von Google bereitgestellte Opt-Out-Komponente in seinem Browser installiert.<\/p>\n<ul>\n<li><strong>Profiling-Cookies<\/strong><\/li>\n<\/ul>\n<p>Hierbei handelt es sich um permanente Cookies, die dazu dienen, die Pr\u00e4ferenzen des Nutzers zu identifizieren und das Verhalten des Nutzers auf der Website zu Marketingzwecken zu analysieren.<\/p>\n<p>Diese Website verwendet Cookies von Drittanbietern, um die Werbung durch Remarketing-Aktionen zu untersuchen und zu verbessern, um dem Nutzer Nachrichten zu senden, die seinen Interessen entsprechen. Dabei handelt es sich um Online-Werbedienste, die es erm\u00f6glichen, Werbefl\u00e4chen auf den vom Nutzer besuchten Webseiten einzuf\u00fcgen und die mithilfe von Algorithmen ausw\u00e4hlen, welche Anzeigen basierend auf den Zielen des Nutzers geschaltet werden. Diese Cookies sammeln oder \u00fcberwachen keine Informationen, die den Nutzer pers\u00f6nlich identifizieren k\u00f6nnen.<\/p>\n<p>Durch die Erteilung der Zustimmung zum Einsatz von Profiling-Cookies autorisiert der Betroffene ausdr\u00fccklich die Verarbeitung zu Marketingzwecken. Die Zustimmung ist freiwillig und jederzeit formlos widerrufbar. Die Nichterteilung der Zustimmung hat zur Folge, dass diese Daten nicht f\u00fcr Marketingzwecke verarbeitet werden k\u00f6nnen. <strong>Im Falle einer Verweigerung der Zustimmung ergeben sich keine Auswirkungen auf die M\u00f6glichkeit, auf die Website zuzugreifen.<\/strong><\/p>\n<p>Der Nutzer wird gebeten, die Informationsschreiben von Google Adwords, Doubleclick und Facebook einzusehen.<\/p>\n<p><strong>B \u2013 Cookies von Drittanbietern<\/strong><\/p>\n<p>W\u00e4hrend des Surfens auf der Website kann der Nutzer auf seinem Endger\u00e4t auch Cookies von anderen Websites oder Webservern erhalten (sog. \u201eDrittanbieter-Cookies\u201c): Dies geschieht, weil auf der Website Elemente vorhanden sein k\u00f6nnen \u2013 wie z. B. Bilder, Karten, T\u00f6ne, spezifische Links zu Webseiten anderer Dom\u00e4nen \u2013, die sich auf anderen Servern befinden als der, auf dem sich die angeforderte Seite befindet. Mit anderen Worten: Diese Cookies werden direkt von Betreibern von Websites oder Servern gesetzt, die nicht mit dieser Website identisch sind.<\/p>\n<p>Diese Cookies k\u00f6nnen von Drittunternehmen direkt von deren Website an den Browser des Nutzers gesendet werden, auf die man durch das Navigieren auf dieser Website zugreifen kann. In solchen F\u00e4llen hat das Unternehmen keinen Einfluss auf den Betrieb dieser Cookies, deren Zusendung in der Verantwortung dieser Drittunternehmen liegt.<\/p>\n<p>Gem\u00e4\u00df den geltenden Vorschriften kann der Nutzer jederzeit seine Zustimmung erteilen und seine Pr\u00e4ferenzen bez\u00fcglich der Verwendung dieser Cookies durch spezifische Konfigurationen des Browsers und von IT-Programmen oder Ger\u00e4ten \u00e4ndern, die f\u00fcr den Nutzer einfach und klar zu bedienen sind. Er hat zudem die M\u00f6glichkeit, Cookies jederzeit im Browser zu deaktivieren, obwohl dieser Vorgang den Nutzer daran hindern k\u00f6nnte, bestimmte Teile der Website zu nutzen. In jedem Fall <strong>beeintr\u00e4chtigt die Deaktivierung von \u201eDrittanbieter-Cookies\u201c die Navigationsf\u00e4higkeit in keiner Weise.<\/strong><\/p>\n<p>Die Website von SAIT verwendet die folgenden Arten von Drittanbieter-Cookies:<\/p>\n<ul>\n<li><strong>Google Tag Manager<\/strong><\/li>\n<\/ul>\n<p>Google Tag Manager ist ein Webanalyse-Tool zur Verwaltung von Tags innerhalb von Websites, wie z. B. Google Analytics-Skripte (f\u00fcr Statistiken), der Remarketing-Code f\u00fcr Google Adwords und viele andere. Mit dem Google Tag Manager wird ein einziger Code (Skript) in die Webseiten der Website eingef\u00fcgt, mit der M\u00f6glichkeit, Tags direkt \u00fcber die bereitgestellte intuitive Weboberfl\u00e4che hinzuzuf\u00fcgen\/zu \u00e4ndern\/zu l\u00f6schen.<\/p>\n<ul>\n<li><strong>Google Maps<\/strong><\/li>\n<\/ul>\n<p>Google Maps bietet interaktive Karten an, die es redaktionellen Betreibern erm\u00f6glichen, anpassbare interaktive Karten in ihre Webseiten einzubinden. Diese Website kann Google Maps verwenden, um detaillierte Informationen \u00fcber den Standort des Hauptsitzes des Unternehmens oder einer bestimmten Niederlassung bereitzustellen.<\/p>\n<ul>\n<li><strong>Social Plugins<\/strong><\/li>\n<\/ul>\n<p>Auf dieser Website k\u00f6nnen \u201eSocial Plugins\u201c f\u00fcr Facebook, Twitter, LinkedIn, Google+, Instagram, Pinterest, Tumblr, Digg und andere vorhanden sein. Dabei handelt es sich um Teile der besuchten Seite, die direkt von den genannten Websites generiert und in die Seite der Website integriert werden. Die h\u00e4ufigste Verwendung von Social Plugins zielt auf das Teilen von Inhalten in sozialen Netzwerken ab.<\/p>\n<p>Das Vorhandensein dieser Plugins beinhaltet die \u00dcbertragung von Cookies von und zu allen von Dritten verwalteten Websites. Die Verwaltung der von Dritten gesammelten Informationen wird durch die jeweiligen Informationsschreiben geregelt, auf die wir hiermit verweisen.<\/p>\n<ul>\n<li><strong>Andere Websites und Dienste von Drittanbietern<\/strong><\/li>\n<\/ul>\n<p>Diese Website k\u00f6nnte zudem Links zu anderen Websites enthalten, die \u00fcber eine eigene Datenschutzerkl\u00e4rung verf\u00fcgen \u2013 auf die hiermit verwiesen wird \u2013 und die von der von diesem Unternehmen angewandten abweichen kann. Das Unternehmen ist daher <strong>nicht f\u00fcr Websites Dritter verantwortlich.<\/strong><\/p>\n<p><strong>5) WIE K\u00d6NNEN DIE PR\u00c4FERENZEN BEZ\u00dcGLICH COOKIES VERWALTET WERDEN?<\/strong><\/p>\n<p>Der Nutzer kann die Einstellungen f\u00fcr Cookies direkt in seinem Browser verwalten. \u00dcber die Browsereinstellungen kann der Nutzer zudem bereits in der Vergangenheit installierte Cookies l\u00f6schen, einschlie\u00dflich des Cookies, in dem eventuell die Zustimmung zur Installation von Cookies durch diese Website gespeichert wurde. Wenn diese Option gew\u00e4hlt wird, ist es jedoch m\u00f6glich, dass einige Dienste oder bestimmte Funktionen nicht verf\u00fcgbar sind.<\/p>\n<p>In Bezug auf Cookies, die von Dritten installiert wurden, kann der Nutzer seine Einstellungen zudem verwalten und seine Zustimmung widerrufen, indem er die in der Datenschutzerkl\u00e4rung des Dritten beschriebenen Tools verwendet oder diesen direkt kontaktiert.<\/p>\n<p>Angesichts der objektiven Komplexit\u00e4t der Identifizierung von Cookie-basierten Technologien wird der Nutzer gebeten, sich an den Verantwortlichen zu wenden, falls er n\u00e4here Informationen \u00fcber die Verwendung von Cookies \u00fcber diese Website erhalten m\u00f6chte.<\/p>\n<p>Cavallino Treporti (Venedig), 24. September 2018<\/p>\n\t\t\t\t\t\t\t\t<\/div>\n\t\t\t\t\t<\/div>\n\t\t\t\t<\/div>\n\t\t\t\t<\/div>\n\t\t","protected":false},"excerpt":{"rendered":"<p>Cookie-Richtlinie 1) VERANTWORTLICHER DER DATENVERARBEITUNG Gem\u00e4\u00df Art. 4 der DSGVO ist der Verantwortliche f\u00fcr die Datenverarbeitung: SAIT Societ\u00e0 Adriatica Investimenti Turistici S.r.l. &#8211; Via Vettor Pisani 56 &#8211; 30013 Cavallino Treporti (Italien) E-Mail-Adresse des Verantwortlichen: \u00a0privacy.sait@vacanze-natura.it 2) WAS IST EIN COOKIE? Cookies sind Textdateien, die kleine Informationseinheiten enthalten und auf dem Ger\u00e4t des Nutzers (Computer, [&hellip;]<\/p>\n","protected":false},"author":1,"featured_media":5936,"parent":0,"menu_order":103,"comment_status":"closed","ping_status":"closed","template":"","meta":{"_acf_changed":false,"footnotes":""},"class_list":["post-6748","page","type-page","status-publish","has-post-thumbnail","hentry"],"acf":[],"yoast_head":"<!-- This site is optimized with the Yoast SEO plugin v27.1.1 - https:\/\/yoast.com\/product\/yoast-seo-wordpress\/ -->\n<title>Cookie-Richtlinie - Camping Village Dei Fiori<\/title>\n<meta name=\"robots\" content=\"index, follow, max-snippet:-1, max-image-preview:large, max-video-preview:-1\" \/>\n<link rel=\"canonical\" href=\"https:\/\/www.deifiori.it\/de\/cookie-richtlinie\/\" \/>\n<meta property=\"og:locale\" content=\"de_DE\" \/>\n<meta property=\"og:type\" content=\"article\" \/>\n<meta property=\"og:title\" content=\"Cookie-Richtlinie - Camping Village Dei Fiori\" \/>\n<meta property=\"og:description\" content=\"Cookie-Richtlinie 1) VERANTWORTLICHER DER DATENVERARBEITUNG Gem\u00e4\u00df Art. 4 der DSGVO ist der Verantwortliche f\u00fcr die Datenverarbeitung: SAIT Societ\u00e0 Adriatica Investimenti Turistici S.r.l. &#8211; Via Vettor Pisani 56 &#8211; 30013 Cavallino Treporti (Italien) E-Mail-Adresse des Verantwortlichen: \u00a0privacy.sait@vacanze-natura.it 2) WAS IST EIN COOKIE? Cookies sind Textdateien, die kleine Informationseinheiten enthalten und auf dem Ger\u00e4t des Nutzers (Computer, [&hellip;]\" \/>\n<meta property=\"og:url\" content=\"https:\/\/www.deifiori.it\/de\/cookie-richtlinie\/\" \/>\n<meta property=\"og:site_name\" content=\"Camping Village Dei Fiori\" \/>\n<meta property=\"article:publisher\" content=\"https:\/\/www.facebook.com\/DeiFioriCamping\" \/>\n<meta property=\"article:modified_time\" content=\"2026-02-12T16:01:37+00:00\" \/>\n<meta property=\"og:image\" content=\"https:\/\/www.deifiori.it\/wp-content\/uploads\/2025\/11\/1-Camping-Villaggio-Dei-Fiori-Campeggio-Campingplatz-Cavallino.jpg\" \/>\n\t<meta property=\"og:image:width\" content=\"1600\" \/>\n\t<meta property=\"og:image:height\" content=\"1000\" \/>\n\t<meta property=\"og:image:type\" content=\"image\/jpeg\" \/>\n<meta name=\"twitter:card\" content=\"summary_large_image\" \/>\n<meta name=\"twitter:label1\" content=\"Gesch\u00e4tzte Lesezeit\" \/>\n\t<meta name=\"twitter:data1\" content=\"7\u00a0Minuten\" \/>\n<script type=\"application\/ld+json\" class=\"yoast-schema-graph\">{\"@context\":\"https:\/\/schema.org\",\"@graph\":[{\"@type\":\"WebPage\",\"@id\":\"https:\/\/www.deifiori.it\/de\/cookie-richtlinie\/\",\"url\":\"https:\/\/www.deifiori.it\/de\/cookie-richtlinie\/\",\"name\":\"Cookie-Richtlinie - Camping Village Dei Fiori\",\"isPartOf\":{\"@id\":\"https:\/\/www.deifiori.it\/de\/#website\"},\"primaryImageOfPage\":{\"@id\":\"https:\/\/www.deifiori.it\/de\/cookie-richtlinie\/#primaryimage\"},\"image\":{\"@id\":\"https:\/\/www.deifiori.it\/de\/cookie-richtlinie\/#primaryimage\"},\"thumbnailUrl\":\"https:\/\/www.deifiori.it\/wp-content\/uploads\/2025\/11\/1-Camping-Villaggio-Dei-Fiori-Campeggio-Campingplatz-Cavallino.jpg\",\"datePublished\":\"2025-10-24T13:42:26+00:00\",\"dateModified\":\"2026-02-12T16:01:37+00:00\",\"breadcrumb\":{\"@id\":\"https:\/\/www.deifiori.it\/de\/cookie-richtlinie\/#breadcrumb\"},\"inLanguage\":\"de\",\"potentialAction\":[{\"@type\":\"ReadAction\",\"target\":[\"https:\/\/www.deifiori.it\/de\/cookie-richtlinie\/\"]}]},{\"@type\":\"ImageObject\",\"inLanguage\":\"de\",\"@id\":\"https:\/\/www.deifiori.it\/de\/cookie-richtlinie\/#primaryimage\",\"url\":\"https:\/\/www.deifiori.it\/wp-content\/uploads\/2025\/11\/1-Camping-Villaggio-Dei-Fiori-Campeggio-Campingplatz-Cavallino.jpg\",\"contentUrl\":\"https:\/\/www.deifiori.it\/wp-content\/uploads\/2025\/11\/1-Camping-Villaggio-Dei-Fiori-Campeggio-Campingplatz-Cavallino.jpg\",\"width\":1600,\"height\":1000},{\"@type\":\"BreadcrumbList\",\"@id\":\"https:\/\/www.deifiori.it\/de\/cookie-richtlinie\/#breadcrumb\",\"itemListElement\":[{\"@type\":\"ListItem\",\"position\":1,\"name\":\"Home\",\"item\":\"https:\/\/www.deifiori.it\/de\/\"},{\"@type\":\"ListItem\",\"position\":2,\"name\":\"Cookie-Richtlinie\"}]},{\"@type\":\"WebSite\",\"@id\":\"https:\/\/www.deifiori.it\/de\/#website\",\"url\":\"https:\/\/www.deifiori.it\/de\/\",\"name\":\"Camping Village Dei Fiori\",\"description\":\"Il Camping a Cavallino per tutta la famiglia!\",\"publisher\":{\"@id\":\"https:\/\/www.deifiori.it\/de\/#organization\"},\"potentialAction\":[{\"@type\":\"SearchAction\",\"target\":{\"@type\":\"EntryPoint\",\"urlTemplate\":\"https:\/\/www.deifiori.it\/de\/?s={search_term_string}\"},\"query-input\":{\"@type\":\"PropertyValueSpecification\",\"valueRequired\":true,\"valueName\":\"search_term_string\"}}],\"inLanguage\":\"de\"},{\"@type\":\"Organization\",\"@id\":\"https:\/\/www.deifiori.it\/de\/#organization\",\"name\":\"Camping Village Dei Fiori\",\"url\":\"https:\/\/www.deifiori.it\/de\/\",\"logo\":{\"@type\":\"ImageObject\",\"inLanguage\":\"de\",\"@id\":\"https:\/\/www.deifiori.it\/de\/#\/schema\/logo\/image\/\",\"url\":\"https:\/\/www.deifiori.it\/wp-content\/uploads\/2025\/10\/F_orizzontale-stretto_logo_colori.png\",\"contentUrl\":\"https:\/\/www.deifiori.it\/wp-content\/uploads\/2025\/10\/F_orizzontale-stretto_logo_colori.png\",\"width\":1038,\"height\":313,\"caption\":\"Camping Village Dei Fiori\"},\"image\":{\"@id\":\"https:\/\/www.deifiori.it\/de\/#\/schema\/logo\/image\/\"},\"sameAs\":[\"https:\/\/www.facebook.com\/DeiFioriCamping\",\"https:\/\/www.instagram.com\/deifioricamping\/\",\"http:\/\/www.tripadvisor.it\/Hotel_Review-g194724-d238939-Reviews-Camping_Village_Dei_Fiori-Cavallino_Treporti_Veneto.html\"]}]}<\/script>\n<!-- \/ Yoast SEO plugin. -->","yoast_head_json":{"title":"Cookie-Richtlinie - Camping Village Dei Fiori","robots":{"index":"index","follow":"follow","max-snippet":"max-snippet:-1","max-image-preview":"max-image-preview:large","max-video-preview":"max-video-preview:-1"},"canonical":"https:\/\/www.deifiori.it\/de\/cookie-richtlinie\/","og_locale":"de_DE","og_type":"article","og_title":"Cookie-Richtlinie - Camping Village Dei Fiori","og_description":"Cookie-Richtlinie 1) VERANTWORTLICHER DER DATENVERARBEITUNG Gem\u00e4\u00df Art. 4 der DSGVO ist der Verantwortliche f\u00fcr die Datenverarbeitung: SAIT Societ\u00e0 Adriatica Investimenti Turistici S.r.l. &#8211; Via Vettor Pisani 56 &#8211; 30013 Cavallino Treporti (Italien) E-Mail-Adresse des Verantwortlichen: \u00a0privacy.sait@vacanze-natura.it 2) WAS IST EIN COOKIE? Cookies sind Textdateien, die kleine Informationseinheiten enthalten und auf dem Ger\u00e4t des Nutzers (Computer, [&hellip;]","og_url":"https:\/\/www.deifiori.it\/de\/cookie-richtlinie\/","og_site_name":"Camping Village Dei Fiori","article_publisher":"https:\/\/www.facebook.com\/DeiFioriCamping","article_modified_time":"2026-02-12T16:01:37+00:00","og_image":[{"width":1600,"height":1000,"url":"https:\/\/www.deifiori.it\/wp-content\/uploads\/2025\/11\/1-Camping-Villaggio-Dei-Fiori-Campeggio-Campingplatz-Cavallino.jpg","type":"image\/jpeg"}],"twitter_card":"summary_large_image","twitter_misc":{"Gesch\u00e4tzte Lesezeit":"7\u00a0Minuten"},"schema":{"@context":"https:\/\/schema.org","@graph":[{"@type":"WebPage","@id":"https:\/\/www.deifiori.it\/de\/cookie-richtlinie\/","url":"https:\/\/www.deifiori.it\/de\/cookie-richtlinie\/","name":"Cookie-Richtlinie - Camping Village Dei Fiori","isPartOf":{"@id":"https:\/\/www.deifiori.it\/de\/#website"},"primaryImageOfPage":{"@id":"https:\/\/www.deifiori.it\/de\/cookie-richtlinie\/#primaryimage"},"image":{"@id":"https:\/\/www.deifiori.it\/de\/cookie-richtlinie\/#primaryimage"},"thumbnailUrl":"https:\/\/www.deifiori.it\/wp-content\/uploads\/2025\/11\/1-Camping-Villaggio-Dei-Fiori-Campeggio-Campingplatz-Cavallino.jpg","datePublished":"2025-10-24T13:42:26+00:00","dateModified":"2026-02-12T16:01:37+00:00","breadcrumb":{"@id":"https:\/\/www.deifiori.it\/de\/cookie-richtlinie\/#breadcrumb"},"inLanguage":"de","potentialAction":[{"@type":"ReadAction","target":["https:\/\/www.deifiori.it\/de\/cookie-richtlinie\/"]}]},{"@type":"ImageObject","inLanguage":"de","@id":"https:\/\/www.deifiori.it\/de\/cookie-richtlinie\/#primaryimage","url":"https:\/\/www.deifiori.it\/wp-content\/uploads\/2025\/11\/1-Camping-Villaggio-Dei-Fiori-Campeggio-Campingplatz-Cavallino.jpg","contentUrl":"https:\/\/www.deifiori.it\/wp-content\/uploads\/2025\/11\/1-Camping-Villaggio-Dei-Fiori-Campeggio-Campingplatz-Cavallino.jpg","width":1600,"height":1000},{"@type":"BreadcrumbList","@id":"https:\/\/www.deifiori.it\/de\/cookie-richtlinie\/#breadcrumb","itemListElement":[{"@type":"ListItem","position":1,"name":"Home","item":"https:\/\/www.deifiori.it\/de\/"},{"@type":"ListItem","position":2,"name":"Cookie-Richtlinie"}]},{"@type":"WebSite","@id":"https:\/\/www.deifiori.it\/de\/#website","url":"https:\/\/www.deifiori.it\/de\/","name":"Camping Village Dei Fiori","description":"Il Camping a Cavallino per tutta la famiglia!","publisher":{"@id":"https:\/\/www.deifiori.it\/de\/#organization"},"potentialAction":[{"@type":"SearchAction","target":{"@type":"EntryPoint","urlTemplate":"https:\/\/www.deifiori.it\/de\/?s={search_term_string}"},"query-input":{"@type":"PropertyValueSpecification","valueRequired":true,"valueName":"search_term_string"}}],"inLanguage":"de"},{"@type":"Organization","@id":"https:\/\/www.deifiori.it\/de\/#organization","name":"Camping Village Dei Fiori","url":"https:\/\/www.deifiori.it\/de\/","logo":{"@type":"ImageObject","inLanguage":"de","@id":"https:\/\/www.deifiori.it\/de\/#\/schema\/logo\/image\/","url":"https:\/\/www.deifiori.it\/wp-content\/uploads\/2025\/10\/F_orizzontale-stretto_logo_colori.png","contentUrl":"https:\/\/www.deifiori.it\/wp-content\/uploads\/2025\/10\/F_orizzontale-stretto_logo_colori.png","width":1038,"height":313,"caption":"Camping Village Dei Fiori"},"image":{"@id":"https:\/\/www.deifiori.it\/de\/#\/schema\/logo\/image\/"},"sameAs":["https:\/\/www.facebook.com\/DeiFioriCamping","https:\/\/www.instagram.com\/deifioricamping\/","http:\/\/www.tripadvisor.it\/Hotel_Review-g194724-d238939-Reviews-Camping_Village_Dei_Fiori-Cavallino_Treporti_Veneto.html"]}]}},"_links":{"self":[{"href":"https:\/\/www.deifiori.it\/de\/wp-json\/wp\/v2\/pages\/6748","targetHints":{"allow":["GET"]}}],"collection":[{"href":"https:\/\/www.deifiori.it\/de\/wp-json\/wp\/v2\/pages"}],"about":[{"href":"https:\/\/www.deifiori.it\/de\/wp-json\/wp\/v2\/types\/page"}],"author":[{"embeddable":true,"href":"https:\/\/www.deifiori.it\/de\/wp-json\/wp\/v2\/users\/1"}],"replies":[{"embeddable":true,"href":"https:\/\/www.deifiori.it\/de\/wp-json\/wp\/v2\/comments?post=6748"}],"version-history":[{"count":4,"href":"https:\/\/www.deifiori.it\/de\/wp-json\/wp\/v2\/pages\/6748\/revisions"}],"predecessor-version":[{"id":8419,"href":"https:\/\/www.deifiori.it\/de\/wp-json\/wp\/v2\/pages\/6748\/revisions\/8419"}],"wp:featuredmedia":[{"embeddable":true,"href":"https:\/\/www.deifiori.it\/de\/wp-json\/wp\/v2\/media\/5936"}],"wp:attachment":[{"href":"https:\/\/www.deifiori.it\/de\/wp-json\/wp\/v2\/media?parent=6748"}],"curies":[{"name":"wp","href":"https:\/\/api.w.org\/{rel}","templated":true}]}}