{"id":7022,"date":"2025-11-20T16:23:44","date_gmt":"2025-11-20T15:23:44","guid":{"rendered":"https:\/\/www.deifiori.it\/veneto-the-land-of-venice\/"},"modified":"2026-01-28T15:03:09","modified_gmt":"2026-01-28T14:03:09","slug":"veneto-the-land-of-venice","status":"publish","type":"page","link":"https:\/\/www.deifiori.it\/de\/veneto-the-land-of-venice\/","title":{"rendered":"Veneto the land of Venice"},"content":{"rendered":"\t\t<div data-elementor-type=\"wp-page\" data-elementor-id=\"7022\" class=\"elementor elementor-7022 elementor-2949\" data-elementor-post-type=\"page\">\n\t\t\t\t<div class=\"elementor-element elementor-element-5266e5a e-flex e-con-boxed e-con e-parent\" data-id=\"5266e5a\" data-element_type=\"container\" data-e-type=\"container\" data-settings=\"{&quot;background_background&quot;:&quot;classic&quot;}\">\n\t\t\t\t\t<div class=\"e-con-inner\">\n\t\t\t\t\t<\/div>\n\t\t\t\t<\/div>\n\t\t<div class=\"elementor-element elementor-element-dcbabab e-flex e-con-boxed e-con e-parent\" data-id=\"dcbabab\" data-element_type=\"container\" data-e-type=\"container\">\n\t\t\t\t\t<div class=\"e-con-inner\">\n\t\t\t\t<div class=\"elementor-element elementor-element-fc7b8ae elementor-widget elementor-widget-spacer\" data-id=\"fc7b8ae\" data-element_type=\"widget\" data-e-type=\"widget\" data-widget_type=\"spacer.default\">\n\t\t\t\t\t\t\t<div class=\"elementor-spacer\">\n\t\t\t<div class=\"elementor-spacer-inner\"><\/div>\n\t\t<\/div>\n\t\t\t\t\t\t<\/div>\n\t\t\t\t\t<\/div>\n\t\t\t\t<\/div>\n\t\t<div class=\"elementor-element elementor-element-597f785 e-flex e-con-boxed e-con e-parent\" data-id=\"597f785\" data-element_type=\"container\" data-e-type=\"container\">\n\t\t\t\t\t<div class=\"e-con-inner\">\n\t\t\t\t<div class=\"elementor-element elementor-element-3c3d9b4 elementor-widget elementor-widget-image\" data-id=\"3c3d9b4\" data-element_type=\"widget\" data-e-type=\"widget\" data-widget_type=\"image.default\">\n\t\t\t\t\t\t\t\t\t\t\t\t\t\t\t<img decoding=\"async\" width=\"300\" height=\"99\" src=\"https:\/\/www.deifiori.it\/wp-content\/uploads\/2025\/11\/ParcoTuristicoCavallinoTreporti_logo-300x99-1.png\" class=\"attachment-large size-large wp-image-6209\" alt=\"\" \/>\t\t\t\t\t\t\t\t\t\t\t\t\t\t\t<\/div>\n\t\t\t\t\t<\/div>\n\t\t\t\t<\/div>\n\t\t<div class=\"elementor-element elementor-element-20d7b0a e-flex e-con-boxed e-con e-parent\" data-id=\"20d7b0a\" data-element_type=\"container\" data-e-type=\"container\">\n\t\t\t\t\t<div class=\"e-con-inner\">\n\t\t\t\t<div class=\"elementor-element elementor-element-63e77cd elementor-widget elementor-widget-spacer\" data-id=\"63e77cd\" data-element_type=\"widget\" data-e-type=\"widget\" data-widget_type=\"spacer.default\">\n\t\t\t\t\t\t\t<div class=\"elementor-spacer\">\n\t\t\t<div class=\"elementor-spacer-inner\"><\/div>\n\t\t<\/div>\n\t\t\t\t\t\t<\/div>\n\t\t\t\t\t<\/div>\n\t\t\t\t<\/div>\n\t\t<div class=\"elementor-element elementor-element-1bb82fd e-flex e-con-boxed e-con e-parent\" data-id=\"1bb82fd\" data-element_type=\"container\" data-e-type=\"container\">\n\t\t\t\t\t<div class=\"e-con-inner\">\n\t\t\t\t<div class=\"elementor-element elementor-element-6fffd79 elementor-widget elementor-widget-heading\" data-id=\"6fffd79\" data-element_type=\"widget\" data-e-type=\"widget\" data-widget_type=\"heading.default\">\n\t\t\t\t\t<h1 class=\"elementor-heading-title elementor-size-default\">CAVALLINO-TREPORTI: URLAUB UNTER FREIEN F\u00dcR MEHR NACHHALTIGKEIT<\/h1>\t\t\t\t<\/div>\n\t\t\t\t\t<\/div>\n\t\t\t\t<\/div>\n\t\t<div class=\"elementor-element elementor-element-52fc0e9 e-flex e-con-boxed e-con e-parent\" data-id=\"52fc0e9\" data-element_type=\"container\" data-e-type=\"container\">\n\t\t\t\t\t<div class=\"e-con-inner\">\n\t\t\t\t<div class=\"elementor-element elementor-element-cbca422 elementor-widget elementor-widget-spacer\" data-id=\"cbca422\" data-element_type=\"widget\" data-e-type=\"widget\" data-widget_type=\"spacer.default\">\n\t\t\t\t\t\t\t<div class=\"elementor-spacer\">\n\t\t\t<div class=\"elementor-spacer-inner\"><\/div>\n\t\t<\/div>\n\t\t\t\t\t\t<\/div>\n\t\t\t\t\t<\/div>\n\t\t\t\t<\/div>\n\t\t<div class=\"elementor-element elementor-element-0e96b35 e-flex e-con-boxed e-con e-parent\" data-id=\"0e96b35\" data-element_type=\"container\" data-e-type=\"container\">\n\t\t\t\t\t<div class=\"e-con-inner\">\n\t\t\t\t<div class=\"elementor-element elementor-element-4d21a1b elementor-widget elementor-widget-text-editor\" data-id=\"4d21a1b\" data-element_type=\"widget\" data-e-type=\"widget\" data-widget_type=\"text-editor.default\">\n\t\t\t\t\t\t\t\t\t<p data-path-to-node=\"0\">Ecco la traduzione in tedesco del testo:<\/p>\n<p><\/p>\n<p data-path-to-node=\"1\">Das Projekt mit dem Titel \u201eCAVALLINO-TREPORTI: LA VACANZA OPEN-AIR VERSO LA SOSTENIBILIT\u00c0\u201c ist auf die Aufwertung der Tourismusdestination Cavallino-Treporti ausgerichtet und bindet daher die O.G.D. Cavallino-Treporti mit ein. Es wird vom Konsortium zur Tourismusf\u00f6rderung \u201eParco Turistico di Cavallino-Treporti\u201c als Federf\u00fchrer gef\u00f6rdert, an dessen Zusammenschluss 25 Unternehmen beteiligt sind.<\/p>\n<p><\/p>\n<p data-path-to-node=\"2\">Die gef\u00f6rderten Tourismusprodukte stehen im Zusammenhang mit dem Open-Air-Tourismus in seiner \u201eSlow &amp; Green\u201c-Auspr\u00e4gung und sind mit dem \u00d6kosystem der Lagune, dem Radtourismus, der Kultur sowie der Gastronomie und dem Weinbau verbunden. Die Zielm\u00e4rkte sind der italienische Markt (Venetien, Lombardei, FVG, TAA, Piemont und Rom) und der ausl\u00e4ndische Markt mit Deutschland, der Schweiz, \u00d6sterreich, den Niederlanden und den skandinavischen L\u00e4ndern.<\/p>\n<p><\/p>\n<p data-path-to-node=\"3\">Es sind spezifische Ma\u00dfnahmen zur Verkaufsf\u00f6rderung, Reputation und Bekanntheit geplant, sowohl mit traditionellen Instrumenten wie Werbespots auf RAI, der ausl\u00e4ndischen Fachpresse und dem neuen Katalog als auch mit Online-Instrumenten \u00fcber die Website, soziale Medien und die Nutzung innovativer Plattformen. Die Hauptziele sind die Aufwertung der Tourismusdestination als nachhaltiges und barrierefreies Reiseziel, die Konsolidierung spezifischer M\u00e4rkte und die Erschlie\u00dfung neuer M\u00e4rkte sowie die Schaffung einer starken und einheitlichen Tourismus-Governance, die im Einklang mit der Marke \u201eVeneto The Land of Venice\u201c steht.<\/p>\n<p><\/p>\n<p data-path-to-node=\"4\">Gew\u00e4hrte Unterst\u00fctzung an S.A.I.T. Societ\u00e0 Adriatica Investimenti Turistici S.r.l. in H\u00f6he von 22.029,00 \u20ac.<\/p>\n\t\t\t\t\t\t\t\t<\/div>\n\t\t\t\t<div class=\"elementor-element elementor-element-5be1862 elementor-widget elementor-widget-image\" data-id=\"5be1862\" data-element_type=\"widget\" data-e-type=\"widget\" data-widget_type=\"image.default\">\n\t\t\t\t\t\t\t\t\t\t\t\t\t\t\t<img decoding=\"async\" width=\"300\" height=\"41\" src=\"https:\/\/www.deifiori.it\/wp-content\/uploads\/2025\/10\/loghi-coesione-italia_2-1-300x41-1.png\" class=\"attachment-large size-large wp-image-6218\" alt=\"\" \/>\t\t\t\t\t\t\t\t\t\t\t\t\t\t\t<\/div>\n\t\t\t\t\t<\/div>\n\t\t\t\t<\/div>\n\t\t\t\t<\/div>\n\t\t","protected":false},"excerpt":{"rendered":"<p>CAVALLINO-TREPORTI: URLAUB UNTER FREIEN F\u00dcR MEHR NACHHALTIGKEIT Ecco la traduzione in tedesco del testo: Das Projekt mit dem Titel \u201eCAVALLINO-TREPORTI: LA VACANZA OPEN-AIR VERSO LA SOSTENIBILIT\u00c0\u201c ist auf die Aufwertung der Tourismusdestination Cavallino-Treporti ausgerichtet und bindet daher die O.G.D. Cavallino-Treporti mit ein. Es wird vom Konsortium zur Tourismusf\u00f6rderung \u201eParco Turistico di Cavallino-Treporti\u201c als Federf\u00fchrer gef\u00f6rdert, [&hellip;]<\/p>\n","protected":false},"author":3,"featured_media":6170,"parent":0,"menu_order":8,"comment_status":"closed","ping_status":"closed","template":"","meta":{"_acf_changed":false,"footnotes":""},"class_list":["post-7022","page","type-page","status-publish","has-post-thumbnail","hentry"],"acf":[],"yoast_head":"<!-- This site is optimized with the Yoast SEO plugin v27.1.1 - https:\/\/yoast.com\/product\/yoast-seo-wordpress\/ -->\n<title>Veneto the land of Venice - Camping Village Dei Fiori<\/title>\n<meta name=\"robots\" content=\"index, follow, max-snippet:-1, max-image-preview:large, max-video-preview:-1\" \/>\n<link rel=\"canonical\" href=\"https:\/\/www.deifiori.it\/de\/veneto-the-land-of-venice\/\" \/>\n<meta property=\"og:locale\" content=\"de_DE\" \/>\n<meta property=\"og:type\" content=\"article\" \/>\n<meta property=\"og:title\" content=\"Veneto the land of Venice - Camping Village Dei Fiori\" \/>\n<meta property=\"og:description\" content=\"CAVALLINO-TREPORTI: URLAUB UNTER FREIEN F\u00dcR MEHR NACHHALTIGKEIT Ecco la traduzione in tedesco del testo: Das Projekt mit dem Titel \u201eCAVALLINO-TREPORTI: LA VACANZA OPEN-AIR VERSO LA SOSTENIBILIT\u00c0\u201c ist auf die Aufwertung der Tourismusdestination Cavallino-Treporti ausgerichtet und bindet daher die O.G.D. Cavallino-Treporti mit ein. Es wird vom Konsortium zur Tourismusf\u00f6rderung \u201eParco Turistico di Cavallino-Treporti\u201c als Federf\u00fchrer gef\u00f6rdert, [&hellip;]\" \/>\n<meta property=\"og:url\" content=\"https:\/\/www.deifiori.it\/de\/veneto-the-land-of-venice\/\" \/>\n<meta property=\"og:site_name\" content=\"Camping Village Dei Fiori\" \/>\n<meta property=\"article:publisher\" content=\"https:\/\/www.facebook.com\/DeiFioriCamping\" \/>\n<meta property=\"article:modified_time\" content=\"2026-01-28T14:03:09+00:00\" \/>\n<meta property=\"og:image\" content=\"https:\/\/www.deifiori.it\/wp-content\/uploads\/2025\/11\/ParcoTuristicoCavallinoTreporti_logo-300x99-1.png\" \/>\n\t<meta property=\"og:image:width\" content=\"300\" \/>\n\t<meta property=\"og:image:height\" content=\"99\" \/>\n\t<meta property=\"og:image:type\" content=\"image\/png\" \/>\n<meta name=\"twitter:card\" content=\"summary_large_image\" \/>\n<meta name=\"twitter:label1\" content=\"Gesch\u00e4tzte Lesezeit\" \/>\n\t<meta name=\"twitter:data1\" content=\"1\u00a0Minute\" \/>\n<script type=\"application\/ld+json\" class=\"yoast-schema-graph\">{\"@context\":\"https:\/\/schema.org\",\"@graph\":[{\"@type\":\"WebPage\",\"@id\":\"https:\/\/www.deifiori.it\/de\/veneto-the-land-of-venice\/\",\"url\":\"https:\/\/www.deifiori.it\/de\/veneto-the-land-of-venice\/\",\"name\":\"Veneto the land of Venice - Camping Village Dei Fiori\",\"isPartOf\":{\"@id\":\"https:\/\/www.deifiori.it\/de\/#website\"},\"primaryImageOfPage\":{\"@id\":\"https:\/\/www.deifiori.it\/de\/veneto-the-land-of-venice\/#primaryimage\"},\"image\":{\"@id\":\"https:\/\/www.deifiori.it\/de\/veneto-the-land-of-venice\/#primaryimage\"},\"thumbnailUrl\":\"https:\/\/www.deifiori.it\/wp-content\/uploads\/2025\/11\/1-Camping-Villaggio-Dei-Fiori-Campeggio-Campingplatz-Cavallino-1.jpg\",\"datePublished\":\"2025-11-20T15:23:44+00:00\",\"dateModified\":\"2026-01-28T14:03:09+00:00\",\"breadcrumb\":{\"@id\":\"https:\/\/www.deifiori.it\/de\/veneto-the-land-of-venice\/#breadcrumb\"},\"inLanguage\":\"de\",\"potentialAction\":[{\"@type\":\"ReadAction\",\"target\":[\"https:\/\/www.deifiori.it\/de\/veneto-the-land-of-venice\/\"]}]},{\"@type\":\"ImageObject\",\"inLanguage\":\"de\",\"@id\":\"https:\/\/www.deifiori.it\/de\/veneto-the-land-of-venice\/#primaryimage\",\"url\":\"https:\/\/www.deifiori.it\/wp-content\/uploads\/2025\/11\/1-Camping-Villaggio-Dei-Fiori-Campeggio-Campingplatz-Cavallino-1.jpg\",\"contentUrl\":\"https:\/\/www.deifiori.it\/wp-content\/uploads\/2025\/11\/1-Camping-Villaggio-Dei-Fiori-Campeggio-Campingplatz-Cavallino-1.jpg\",\"width\":1600,\"height\":1000},{\"@type\":\"BreadcrumbList\",\"@id\":\"https:\/\/www.deifiori.it\/de\/veneto-the-land-of-venice\/#breadcrumb\",\"itemListElement\":[{\"@type\":\"ListItem\",\"position\":1,\"name\":\"Home\",\"item\":\"https:\/\/www.deifiori.it\/de\/\"},{\"@type\":\"ListItem\",\"position\":2,\"name\":\"Veneto the land of Venice\"}]},{\"@type\":\"WebSite\",\"@id\":\"https:\/\/www.deifiori.it\/de\/#website\",\"url\":\"https:\/\/www.deifiori.it\/de\/\",\"name\":\"Camping Village Dei Fiori\",\"description\":\"Il Camping a Cavallino per tutta la famiglia!\",\"publisher\":{\"@id\":\"https:\/\/www.deifiori.it\/de\/#organization\"},\"potentialAction\":[{\"@type\":\"SearchAction\",\"target\":{\"@type\":\"EntryPoint\",\"urlTemplate\":\"https:\/\/www.deifiori.it\/de\/?s={search_term_string}\"},\"query-input\":{\"@type\":\"PropertyValueSpecification\",\"valueRequired\":true,\"valueName\":\"search_term_string\"}}],\"inLanguage\":\"de\"},{\"@type\":\"Organization\",\"@id\":\"https:\/\/www.deifiori.it\/de\/#organization\",\"name\":\"Camping Village Dei Fiori\",\"url\":\"https:\/\/www.deifiori.it\/de\/\",\"logo\":{\"@type\":\"ImageObject\",\"inLanguage\":\"de\",\"@id\":\"https:\/\/www.deifiori.it\/de\/#\/schema\/logo\/image\/\",\"url\":\"https:\/\/www.deifiori.it\/wp-content\/uploads\/2025\/10\/F_orizzontale-stretto_logo_colori.png\",\"contentUrl\":\"https:\/\/www.deifiori.it\/wp-content\/uploads\/2025\/10\/F_orizzontale-stretto_logo_colori.png\",\"width\":1038,\"height\":313,\"caption\":\"Camping Village Dei Fiori\"},\"image\":{\"@id\":\"https:\/\/www.deifiori.it\/de\/#\/schema\/logo\/image\/\"},\"sameAs\":[\"https:\/\/www.facebook.com\/DeiFioriCamping\",\"https:\/\/www.instagram.com\/deifioricamping\/\",\"http:\/\/www.tripadvisor.it\/Hotel_Review-g194724-d238939-Reviews-Camping_Village_Dei_Fiori-Cavallino_Treporti_Veneto.html\"]}]}<\/script>\n<!-- \/ Yoast SEO plugin. -->","yoast_head_json":{"title":"Veneto the land of Venice - Camping Village Dei Fiori","robots":{"index":"index","follow":"follow","max-snippet":"max-snippet:-1","max-image-preview":"max-image-preview:large","max-video-preview":"max-video-preview:-1"},"canonical":"https:\/\/www.deifiori.it\/de\/veneto-the-land-of-venice\/","og_locale":"de_DE","og_type":"article","og_title":"Veneto the land of Venice - Camping Village Dei Fiori","og_description":"CAVALLINO-TREPORTI: URLAUB UNTER FREIEN F\u00dcR MEHR NACHHALTIGKEIT Ecco la traduzione in tedesco del testo: Das Projekt mit dem Titel \u201eCAVALLINO-TREPORTI: LA VACANZA OPEN-AIR VERSO LA SOSTENIBILIT\u00c0\u201c ist auf die Aufwertung der Tourismusdestination Cavallino-Treporti ausgerichtet und bindet daher die O.G.D. Cavallino-Treporti mit ein. Es wird vom Konsortium zur Tourismusf\u00f6rderung \u201eParco Turistico di Cavallino-Treporti\u201c als Federf\u00fchrer gef\u00f6rdert, [&hellip;]","og_url":"https:\/\/www.deifiori.it\/de\/veneto-the-land-of-venice\/","og_site_name":"Camping Village Dei Fiori","article_publisher":"https:\/\/www.facebook.com\/DeiFioriCamping","article_modified_time":"2026-01-28T14:03:09+00:00","og_image":[{"width":300,"height":99,"url":"https:\/\/www.deifiori.it\/wp-content\/uploads\/2025\/11\/ParcoTuristicoCavallinoTreporti_logo-300x99-1.png","type":"image\/png"}],"twitter_card":"summary_large_image","twitter_misc":{"Gesch\u00e4tzte Lesezeit":"1\u00a0Minute"},"schema":{"@context":"https:\/\/schema.org","@graph":[{"@type":"WebPage","@id":"https:\/\/www.deifiori.it\/de\/veneto-the-land-of-venice\/","url":"https:\/\/www.deifiori.it\/de\/veneto-the-land-of-venice\/","name":"Veneto the land of Venice - Camping Village Dei Fiori","isPartOf":{"@id":"https:\/\/www.deifiori.it\/de\/#website"},"primaryImageOfPage":{"@id":"https:\/\/www.deifiori.it\/de\/veneto-the-land-of-venice\/#primaryimage"},"image":{"@id":"https:\/\/www.deifiori.it\/de\/veneto-the-land-of-venice\/#primaryimage"},"thumbnailUrl":"https:\/\/www.deifiori.it\/wp-content\/uploads\/2025\/11\/1-Camping-Villaggio-Dei-Fiori-Campeggio-Campingplatz-Cavallino-1.jpg","datePublished":"2025-11-20T15:23:44+00:00","dateModified":"2026-01-28T14:03:09+00:00","breadcrumb":{"@id":"https:\/\/www.deifiori.it\/de\/veneto-the-land-of-venice\/#breadcrumb"},"inLanguage":"de","potentialAction":[{"@type":"ReadAction","target":["https:\/\/www.deifiori.it\/de\/veneto-the-land-of-venice\/"]}]},{"@type":"ImageObject","inLanguage":"de","@id":"https:\/\/www.deifiori.it\/de\/veneto-the-land-of-venice\/#primaryimage","url":"https:\/\/www.deifiori.it\/wp-content\/uploads\/2025\/11\/1-Camping-Villaggio-Dei-Fiori-Campeggio-Campingplatz-Cavallino-1.jpg","contentUrl":"https:\/\/www.deifiori.it\/wp-content\/uploads\/2025\/11\/1-Camping-Villaggio-Dei-Fiori-Campeggio-Campingplatz-Cavallino-1.jpg","width":1600,"height":1000},{"@type":"BreadcrumbList","@id":"https:\/\/www.deifiori.it\/de\/veneto-the-land-of-venice\/#breadcrumb","itemListElement":[{"@type":"ListItem","position":1,"name":"Home","item":"https:\/\/www.deifiori.it\/de\/"},{"@type":"ListItem","position":2,"name":"Veneto the land of Venice"}]},{"@type":"WebSite","@id":"https:\/\/www.deifiori.it\/de\/#website","url":"https:\/\/www.deifiori.it\/de\/","name":"Camping Village Dei Fiori","description":"Il Camping a Cavallino per tutta la famiglia!","publisher":{"@id":"https:\/\/www.deifiori.it\/de\/#organization"},"potentialAction":[{"@type":"SearchAction","target":{"@type":"EntryPoint","urlTemplate":"https:\/\/www.deifiori.it\/de\/?s={search_term_string}"},"query-input":{"@type":"PropertyValueSpecification","valueRequired":true,"valueName":"search_term_string"}}],"inLanguage":"de"},{"@type":"Organization","@id":"https:\/\/www.deifiori.it\/de\/#organization","name":"Camping Village Dei Fiori","url":"https:\/\/www.deifiori.it\/de\/","logo":{"@type":"ImageObject","inLanguage":"de","@id":"https:\/\/www.deifiori.it\/de\/#\/schema\/logo\/image\/","url":"https:\/\/www.deifiori.it\/wp-content\/uploads\/2025\/10\/F_orizzontale-stretto_logo_colori.png","contentUrl":"https:\/\/www.deifiori.it\/wp-content\/uploads\/2025\/10\/F_orizzontale-stretto_logo_colori.png","width":1038,"height":313,"caption":"Camping Village Dei Fiori"},"image":{"@id":"https:\/\/www.deifiori.it\/de\/#\/schema\/logo\/image\/"},"sameAs":["https:\/\/www.facebook.com\/DeiFioriCamping","https:\/\/www.instagram.com\/deifioricamping\/","http:\/\/www.tripadvisor.it\/Hotel_Review-g194724-d238939-Reviews-Camping_Village_Dei_Fiori-Cavallino_Treporti_Veneto.html"]}]}},"_links":{"self":[{"href":"https:\/\/www.deifiori.it\/de\/wp-json\/wp\/v2\/pages\/7022","targetHints":{"allow":["GET"]}}],"collection":[{"href":"https:\/\/www.deifiori.it\/de\/wp-json\/wp\/v2\/pages"}],"about":[{"href":"https:\/\/www.deifiori.it\/de\/wp-json\/wp\/v2\/types\/page"}],"author":[{"embeddable":true,"href":"https:\/\/www.deifiori.it\/de\/wp-json\/wp\/v2\/users\/3"}],"replies":[{"embeddable":true,"href":"https:\/\/www.deifiori.it\/de\/wp-json\/wp\/v2\/comments?post=7022"}],"version-history":[{"count":1,"href":"https:\/\/www.deifiori.it\/de\/wp-json\/wp\/v2\/pages\/7022\/revisions"}],"predecessor-version":[{"id":7023,"href":"https:\/\/www.deifiori.it\/de\/wp-json\/wp\/v2\/pages\/7022\/revisions\/7023"}],"wp:featuredmedia":[{"embeddable":true,"href":"https:\/\/www.deifiori.it\/de\/wp-json\/wp\/v2\/media\/6170"}],"wp:attachment":[{"href":"https:\/\/www.deifiori.it\/de\/wp-json\/wp\/v2\/media?parent=7022"}],"curies":[{"name":"wp","href":"https:\/\/api.w.org\/{rel}","templated":true}]}}